{"id":102,"date":"2021-08-20T00:54:41","date_gmt":"2021-08-19T22:54:41","guid":{"rendered":"http:\/\/emiliechaumet-textile.fr\/?page_id=102"},"modified":"2023-04-09T10:19:49","modified_gmt":"2023-04-09T08:19:49","slug":"fragment-s-3","status":"publish","type":"page","link":"https:\/\/emiliechaumet-textile.fr\/?page_id=102","title":{"rendered":"Fragment-s"},"content":{"rendered":"\n<div class=\"wp-block-group is-layout-flow wp-block-group-is-layout-flow\"><div class=\"wp-block-group__inner-container\">\n<figure class=\"wp-block-gallery has-nested-images columns-default is-cropped wp-block-gallery-1 is-layout-flex wp-block-gallery-is-layout-flex\">\n<figure class=\"wp-block-image size-large\"><img loading=\"lazy\" decoding=\"async\" width=\"1024\" height=\"683\" src=\"https:\/\/emiliechaumet-textile.fr\/wp-content\/uploads\/2023\/04\/6P5A0758-1024x683.jpg\" alt=\"\" class=\"wp-image-438\" srcset=\"https:\/\/emiliechaumet-textile.fr\/wp-content\/uploads\/2023\/04\/6P5A0758-1024x683.jpg 1024w, https:\/\/emiliechaumet-textile.fr\/wp-content\/uploads\/2023\/04\/6P5A0758-300x200.jpg 300w, https:\/\/emiliechaumet-textile.fr\/wp-content\/uploads\/2023\/04\/6P5A0758-768x512.jpg 768w, https:\/\/emiliechaumet-textile.fr\/wp-content\/uploads\/2023\/04\/6P5A0758-1536x1024.jpg 1536w, https:\/\/emiliechaumet-textile.fr\/wp-content\/uploads\/2023\/04\/6P5A0758-2048x1365.jpg 2048w\" sizes=\"(max-width: 767px) 89vw, (max-width: 1000px) 54vw, (max-width: 1071px) 543px, 580px\" \/><\/figure>\n\n\n\n<figure class=\"wp-block-image size-large\"><img loading=\"lazy\" decoding=\"async\" width=\"2560\" height=\"1707\" src=\"https:\/\/emiliechaumet-textile.fr\/wp-content\/uploads\/2023\/04\/6P5A0777-scaled.jpg\" alt=\"\" class=\"wp-image-432\" srcset=\"https:\/\/emiliechaumet-textile.fr\/wp-content\/uploads\/2023\/04\/6P5A0777-scaled.jpg 2560w, https:\/\/emiliechaumet-textile.fr\/wp-content\/uploads\/2023\/04\/6P5A0777-300x200.jpg 300w, https:\/\/emiliechaumet-textile.fr\/wp-content\/uploads\/2023\/04\/6P5A0777-1024x683.jpg 1024w, https:\/\/emiliechaumet-textile.fr\/wp-content\/uploads\/2023\/04\/6P5A0777-768x512.jpg 768w, https:\/\/emiliechaumet-textile.fr\/wp-content\/uploads\/2023\/04\/6P5A0777-1536x1024.jpg 1536w, https:\/\/emiliechaumet-textile.fr\/wp-content\/uploads\/2023\/04\/6P5A0777-2048x1365.jpg 2048w\" sizes=\"(max-width: 767px) 89vw, (max-width: 1000px) 54vw, (max-width: 1071px) 543px, 580px\" \/><\/figure>\n\n\n\n<figure class=\"wp-block-image size-large\"><img loading=\"lazy\" decoding=\"async\" width=\"2560\" height=\"1707\" src=\"https:\/\/emiliechaumet-textile.fr\/wp-content\/uploads\/2023\/04\/6P5A0763-scaled.jpg\" alt=\"\" class=\"wp-image-434\" srcset=\"https:\/\/emiliechaumet-textile.fr\/wp-content\/uploads\/2023\/04\/6P5A0763-scaled.jpg 2560w, https:\/\/emiliechaumet-textile.fr\/wp-content\/uploads\/2023\/04\/6P5A0763-300x200.jpg 300w, https:\/\/emiliechaumet-textile.fr\/wp-content\/uploads\/2023\/04\/6P5A0763-1024x683.jpg 1024w, https:\/\/emiliechaumet-textile.fr\/wp-content\/uploads\/2023\/04\/6P5A0763-768x512.jpg 768w, https:\/\/emiliechaumet-textile.fr\/wp-content\/uploads\/2023\/04\/6P5A0763-1536x1024.jpg 1536w, https:\/\/emiliechaumet-textile.fr\/wp-content\/uploads\/2023\/04\/6P5A0763-2048x1365.jpg 2048w\" sizes=\"(max-width: 767px) 89vw, (max-width: 1000px) 54vw, (max-width: 1071px) 543px, 580px\" \/><\/figure>\n\n\n\n<figure class=\"wp-block-image size-large\"><img loading=\"lazy\" decoding=\"async\" width=\"1706\" height=\"2560\" src=\"https:\/\/emiliechaumet-textile.fr\/wp-content\/uploads\/2023\/04\/6P5A0832-1-scaled.jpg\" alt=\"\" class=\"wp-image-449\" srcset=\"https:\/\/emiliechaumet-textile.fr\/wp-content\/uploads\/2023\/04\/6P5A0832-1-scaled.jpg 1706w, https:\/\/emiliechaumet-textile.fr\/wp-content\/uploads\/2023\/04\/6P5A0832-1-200x300.jpg 200w, https:\/\/emiliechaumet-textile.fr\/wp-content\/uploads\/2023\/04\/6P5A0832-1-683x1024.jpg 683w, https:\/\/emiliechaumet-textile.fr\/wp-content\/uploads\/2023\/04\/6P5A0832-1-768x1152.jpg 768w, https:\/\/emiliechaumet-textile.fr\/wp-content\/uploads\/2023\/04\/6P5A0832-1-1024x1536.jpg 1024w, https:\/\/emiliechaumet-textile.fr\/wp-content\/uploads\/2023\/04\/6P5A0832-1-1365x2048.jpg 1365w\" sizes=\"(max-width: 767px) 89vw, (max-width: 1000px) 54vw, (max-width: 1071px) 543px, 580px\" \/><\/figure>\n\n\n\n<figure class=\"wp-block-image size-large\"><img loading=\"lazy\" decoding=\"async\" width=\"1707\" height=\"2560\" src=\"https:\/\/emiliechaumet-textile.fr\/wp-content\/uploads\/2023\/04\/6P5A0811-scaled.jpg\" alt=\"\" class=\"wp-image-447\" srcset=\"https:\/\/emiliechaumet-textile.fr\/wp-content\/uploads\/2023\/04\/6P5A0811-scaled.jpg 1707w, https:\/\/emiliechaumet-textile.fr\/wp-content\/uploads\/2023\/04\/6P5A0811-200x300.jpg 200w, https:\/\/emiliechaumet-textile.fr\/wp-content\/uploads\/2023\/04\/6P5A0811-683x1024.jpg 683w, https:\/\/emiliechaumet-textile.fr\/wp-content\/uploads\/2023\/04\/6P5A0811-768x1152.jpg 768w, https:\/\/emiliechaumet-textile.fr\/wp-content\/uploads\/2023\/04\/6P5A0811-1024x1536.jpg 1024w, https:\/\/emiliechaumet-textile.fr\/wp-content\/uploads\/2023\/04\/6P5A0811-1365x2048.jpg 1365w\" sizes=\"(max-width: 767px) 89vw, (max-width: 1000px) 54vw, (max-width: 1071px) 543px, 580px\" \/><\/figure>\n\n\n\n<figure class=\"wp-block-image size-large\"><img loading=\"lazy\" decoding=\"async\" width=\"1707\" height=\"2560\" src=\"https:\/\/emiliechaumet-textile.fr\/wp-content\/uploads\/2023\/04\/6P5A0862-1-scaled.jpg\" alt=\"\" class=\"wp-image-450\" srcset=\"https:\/\/emiliechaumet-textile.fr\/wp-content\/uploads\/2023\/04\/6P5A0862-1-scaled.jpg 1707w, https:\/\/emiliechaumet-textile.fr\/wp-content\/uploads\/2023\/04\/6P5A0862-1-200x300.jpg 200w, https:\/\/emiliechaumet-textile.fr\/wp-content\/uploads\/2023\/04\/6P5A0862-1-683x1024.jpg 683w, https:\/\/emiliechaumet-textile.fr\/wp-content\/uploads\/2023\/04\/6P5A0862-1-768x1152.jpg 768w, https:\/\/emiliechaumet-textile.fr\/wp-content\/uploads\/2023\/04\/6P5A0862-1-1024x1536.jpg 1024w, https:\/\/emiliechaumet-textile.fr\/wp-content\/uploads\/2023\/04\/6P5A0862-1-1365x2048.jpg 1365w\" sizes=\"(max-width: 767px) 89vw, (max-width: 1000px) 54vw, (max-width: 1071px) 543px, 580px\" \/><\/figure>\n\n\n\n<figure class=\"wp-block-image size-large\"><img loading=\"lazy\" decoding=\"async\" width=\"1024\" height=\"683\" src=\"https:\/\/emiliechaumet-textile.fr\/wp-content\/uploads\/2023\/04\/6P5A0880-1-1024x683.jpg\" alt=\"\" class=\"wp-image-437\" srcset=\"https:\/\/emiliechaumet-textile.fr\/wp-content\/uploads\/2023\/04\/6P5A0880-1-1024x683.jpg 1024w, https:\/\/emiliechaumet-textile.fr\/wp-content\/uploads\/2023\/04\/6P5A0880-1-300x200.jpg 300w, https:\/\/emiliechaumet-textile.fr\/wp-content\/uploads\/2023\/04\/6P5A0880-1-768x512.jpg 768w, https:\/\/emiliechaumet-textile.fr\/wp-content\/uploads\/2023\/04\/6P5A0880-1-1536x1024.jpg 1536w, https:\/\/emiliechaumet-textile.fr\/wp-content\/uploads\/2023\/04\/6P5A0880-1-2048x1365.jpg 2048w\" sizes=\"(max-width: 767px) 89vw, (max-width: 1000px) 54vw, (max-width: 1071px) 543px, 580px\" \/><\/figure>\n\n\n\n<figure class=\"wp-block-image size-large\"><img loading=\"lazy\" decoding=\"async\" width=\"2560\" height=\"1707\" src=\"https:\/\/emiliechaumet-textile.fr\/wp-content\/uploads\/2023\/04\/6P5A0822-1-scaled.jpg\" alt=\"\" class=\"wp-image-448\" srcset=\"https:\/\/emiliechaumet-textile.fr\/wp-content\/uploads\/2023\/04\/6P5A0822-1-scaled.jpg 2560w, https:\/\/emiliechaumet-textile.fr\/wp-content\/uploads\/2023\/04\/6P5A0822-1-300x200.jpg 300w, https:\/\/emiliechaumet-textile.fr\/wp-content\/uploads\/2023\/04\/6P5A0822-1-1024x683.jpg 1024w, https:\/\/emiliechaumet-textile.fr\/wp-content\/uploads\/2023\/04\/6P5A0822-1-768x512.jpg 768w, https:\/\/emiliechaumet-textile.fr\/wp-content\/uploads\/2023\/04\/6P5A0822-1-1536x1024.jpg 1536w, https:\/\/emiliechaumet-textile.fr\/wp-content\/uploads\/2023\/04\/6P5A0822-1-2048x1365.jpg 2048w\" sizes=\"(max-width: 767px) 89vw, (max-width: 1000px) 54vw, (max-width: 1071px) 543px, 580px\" \/><\/figure>\n\n\n\n<figure class=\"wp-block-image size-large\"><img loading=\"lazy\" decoding=\"async\" width=\"2560\" height=\"1707\" src=\"https:\/\/emiliechaumet-textile.fr\/wp-content\/uploads\/2023\/04\/6P5A0786-scaled.jpg\" alt=\"\" class=\"wp-image-444\" srcset=\"https:\/\/emiliechaumet-textile.fr\/wp-content\/uploads\/2023\/04\/6P5A0786-scaled.jpg 2560w, https:\/\/emiliechaumet-textile.fr\/wp-content\/uploads\/2023\/04\/6P5A0786-300x200.jpg 300w, https:\/\/emiliechaumet-textile.fr\/wp-content\/uploads\/2023\/04\/6P5A0786-1024x683.jpg 1024w, https:\/\/emiliechaumet-textile.fr\/wp-content\/uploads\/2023\/04\/6P5A0786-768x512.jpg 768w, https:\/\/emiliechaumet-textile.fr\/wp-content\/uploads\/2023\/04\/6P5A0786-1536x1024.jpg 1536w, https:\/\/emiliechaumet-textile.fr\/wp-content\/uploads\/2023\/04\/6P5A0786-2048x1365.jpg 2048w\" sizes=\"(max-width: 767px) 89vw, (max-width: 1000px) 54vw, (max-width: 1071px) 543px, 580px\" \/><\/figure>\n\n\n\n<figure class=\"wp-block-image size-large\"><img loading=\"lazy\" decoding=\"async\" width=\"2560\" height=\"1707\" src=\"https:\/\/emiliechaumet-textile.fr\/wp-content\/uploads\/2023\/04\/6P5A0809-1-scaled.jpg\" alt=\"\" class=\"wp-image-446\" srcset=\"https:\/\/emiliechaumet-textile.fr\/wp-content\/uploads\/2023\/04\/6P5A0809-1-scaled.jpg 2560w, https:\/\/emiliechaumet-textile.fr\/wp-content\/uploads\/2023\/04\/6P5A0809-1-300x200.jpg 300w, https:\/\/emiliechaumet-textile.fr\/wp-content\/uploads\/2023\/04\/6P5A0809-1-1024x683.jpg 1024w, https:\/\/emiliechaumet-textile.fr\/wp-content\/uploads\/2023\/04\/6P5A0809-1-768x512.jpg 768w, https:\/\/emiliechaumet-textile.fr\/wp-content\/uploads\/2023\/04\/6P5A0809-1-1536x1024.jpg 1536w, https:\/\/emiliechaumet-textile.fr\/wp-content\/uploads\/2023\/04\/6P5A0809-1-2048x1365.jpg 2048w\" sizes=\"(max-width: 767px) 89vw, (max-width: 1000px) 54vw, (max-width: 1071px) 543px, 580px\" \/><\/figure>\n\n\n\n<figure class=\"wp-block-image size-large\"><img loading=\"lazy\" decoding=\"async\" width=\"1024\" height=\"683\" src=\"https:\/\/emiliechaumet-textile.fr\/wp-content\/uploads\/2022\/01\/6P5A2805-1024x683.jpg\" alt=\"\" class=\"wp-image-242\" srcset=\"https:\/\/emiliechaumet-textile.fr\/wp-content\/uploads\/2022\/01\/6P5A2805-1024x683.jpg 1024w, https:\/\/emiliechaumet-textile.fr\/wp-content\/uploads\/2022\/01\/6P5A2805-300x200.jpg 300w, https:\/\/emiliechaumet-textile.fr\/wp-content\/uploads\/2022\/01\/6P5A2805-768x512.jpg 768w, https:\/\/emiliechaumet-textile.fr\/wp-content\/uploads\/2022\/01\/6P5A2805-1536x1024.jpg 1536w, https:\/\/emiliechaumet-textile.fr\/wp-content\/uploads\/2022\/01\/6P5A2805-2048x1365.jpg 2048w\" sizes=\"(max-width: 767px) 89vw, (max-width: 1000px) 54vw, (max-width: 1071px) 543px, 580px\" \/><\/figure>\n<\/figure>\n<\/div><\/div>\n\n\n\n<figure class=\"wp-block-image size-large\"><img loading=\"lazy\" decoding=\"async\" width=\"1024\" height=\"683\" src=\"https:\/\/emiliechaumet-textile.fr\/wp-content\/uploads\/2022\/01\/6P5A2813-1024x683.jpg\" alt=\"\" class=\"wp-image-245\" srcset=\"https:\/\/emiliechaumet-textile.fr\/wp-content\/uploads\/2022\/01\/6P5A2813-1024x683.jpg 1024w, https:\/\/emiliechaumet-textile.fr\/wp-content\/uploads\/2022\/01\/6P5A2813-300x200.jpg 300w, https:\/\/emiliechaumet-textile.fr\/wp-content\/uploads\/2022\/01\/6P5A2813-768x512.jpg 768w, https:\/\/emiliechaumet-textile.fr\/wp-content\/uploads\/2022\/01\/6P5A2813-1536x1024.jpg 1536w, https:\/\/emiliechaumet-textile.fr\/wp-content\/uploads\/2022\/01\/6P5A2813-2048x1365.jpg 2048w\" sizes=\"(max-width: 767px) 89vw, (max-width: 1000px) 54vw, (max-width: 1071px) 543px, 580px\" \/><\/figure>\n\n\n\n<figure class=\"wp-block-image size-large\"><img loading=\"lazy\" decoding=\"async\" width=\"1024\" height=\"683\" src=\"https:\/\/emiliechaumet-textile.fr\/wp-content\/uploads\/2022\/01\/6P5A2804-1024x683.jpg\" alt=\"\" class=\"wp-image-244\" srcset=\"https:\/\/emiliechaumet-textile.fr\/wp-content\/uploads\/2022\/01\/6P5A2804-1024x683.jpg 1024w, https:\/\/emiliechaumet-textile.fr\/wp-content\/uploads\/2022\/01\/6P5A2804-300x200.jpg 300w, https:\/\/emiliechaumet-textile.fr\/wp-content\/uploads\/2022\/01\/6P5A2804-768x512.jpg 768w, https:\/\/emiliechaumet-textile.fr\/wp-content\/uploads\/2022\/01\/6P5A2804-1536x1024.jpg 1536w, https:\/\/emiliechaumet-textile.fr\/wp-content\/uploads\/2022\/01\/6P5A2804-2048x1365.jpg 2048w\" sizes=\"(max-width: 767px) 89vw, (max-width: 1000px) 54vw, (max-width: 1071px) 543px, 580px\" \/><\/figure>\n\n\n\n<figure class=\"wp-block-image size-large\"><img loading=\"lazy\" decoding=\"async\" width=\"1024\" height=\"683\" src=\"https:\/\/emiliechaumet-textile.fr\/wp-content\/uploads\/2022\/01\/6P5A2844-1024x683.jpg\" alt=\"\" class=\"wp-image-247\" srcset=\"https:\/\/emiliechaumet-textile.fr\/wp-content\/uploads\/2022\/01\/6P5A2844-1024x683.jpg 1024w, https:\/\/emiliechaumet-textile.fr\/wp-content\/uploads\/2022\/01\/6P5A2844-300x200.jpg 300w, https:\/\/emiliechaumet-textile.fr\/wp-content\/uploads\/2022\/01\/6P5A2844-768x512.jpg 768w, https:\/\/emiliechaumet-textile.fr\/wp-content\/uploads\/2022\/01\/6P5A2844-1536x1024.jpg 1536w, https:\/\/emiliechaumet-textile.fr\/wp-content\/uploads\/2022\/01\/6P5A2844-2048x1365.jpg 2048w\" sizes=\"(max-width: 767px) 89vw, (max-width: 1000px) 54vw, (max-width: 1071px) 543px, 580px\" \/><\/figure>\n\n\n\n<figure class=\"wp-block-image size-large\"><img loading=\"lazy\" decoding=\"async\" width=\"1024\" height=\"683\" src=\"https:\/\/emiliechaumet-textile.fr\/wp-content\/uploads\/2022\/01\/6P5A2853-1024x683.jpg\" alt=\"\" class=\"wp-image-249\" srcset=\"https:\/\/emiliechaumet-textile.fr\/wp-content\/uploads\/2022\/01\/6P5A2853-1024x683.jpg 1024w, https:\/\/emiliechaumet-textile.fr\/wp-content\/uploads\/2022\/01\/6P5A2853-300x200.jpg 300w, https:\/\/emiliechaumet-textile.fr\/wp-content\/uploads\/2022\/01\/6P5A2853-768x512.jpg 768w, https:\/\/emiliechaumet-textile.fr\/wp-content\/uploads\/2022\/01\/6P5A2853-1536x1024.jpg 1536w, https:\/\/emiliechaumet-textile.fr\/wp-content\/uploads\/2022\/01\/6P5A2853-2048x1365.jpg 2048w\" sizes=\"(max-width: 767px) 89vw, (max-width: 1000px) 54vw, (max-width: 1071px) 543px, 580px\" \/><\/figure>\n\n\n\n<blockquote class=\"wp-block-quote\"><p>Broderie Main, Feutre de Laine , fils coton &amp; m\u00e9tallique, environ 15 x 12 cm , 2020<\/p><\/blockquote>\n\n\n\n<p>Fragment-s est une s\u00e9rie au nombre ind\u00e9fini \u00ab&nbsp;d&rsquo;entit\u00e9s autonomes&nbsp;\u00bb. La forme globale ext\u00e9rieure de chaque volume semble \u00e0 la fois al\u00e9atoire et tr\u00e8s fa\u00e7onn\u00e9e. Tel des \u00ab&nbsp;morceaux d\u00e9coup\u00e9s&nbsp;\u00bb, ces sculptures textiles questionnent par leurs contours d\u00e9limit\u00e9s, ferm\u00e9s. S&rsquo;agit-il de territoires, d&rsquo;\u00e9l\u00e9ments min\u00e9raux, v\u00e9g\u00e9taux, humains ou d&rsquo;\u00e9l\u00e9ments d&rsquo;une tout autre nature&nbsp;?<br>Chaque Fragment-s contient des axes trac\u00e9s, marqu\u00e9s, parfois interrompus&nbsp;; tous donnent des directions fortes. Des points sont regroup\u00e9s, accol\u00e9s, serr\u00e9s, ils forment une masse qui grouille, fourmille et prolif\u00e8re. Pour certains Fragment-s, les points s&rsquo;\u00e9tirent, s&rsquo;\u00e9chappent, glissent, explosent\u2026 Ils semblent se propager sans contours, ni dessein. Parfois des lignes droites, r\u00e9guli\u00e8res et pointill\u00e9es apparaissent telle une trame, un r\u00e9seau in\u00e9vitable. Ces lignes semblent comme suspendues dans leur trac\u00e9. Sont-elles en train d&rsquo;arriver ou de partir&nbsp;? Sommes nous face \u00e0 une propagation&nbsp;ou une fuite&nbsp;?<br>Fragment-s parle d&rsquo;instabilit\u00e9s, de mouvements, de d\u00e9placements\u2026 Tels des&nbsp;instants captur\u00e9s, ces \u00ab&nbsp;environnements miniatures&nbsp;\u00bb se jouent d&rsquo;une dualit\u00e9 entre quelque chose de contenu, maitris\u00e9 et quelque chose de pleinement vivant qui envahit, prolif\u00e8re et dans son bouillonnement, tente de sortir du cadre, de raconter d&rsquo;autres histoires.<br>Par la multitude de ses propositions faites telle une liste non exhaustive, la s\u00e9rie offre une \u00ab&nbsp;cartographie des possibles&nbsp;\u00bb, suggestive et po\u00e9tique quasi infinie. Par son absence de rep\u00e8res, ses diff\u00e9rentes \u00e9chelles, Fragment-s fait des allers-retours allant d\u2019un cadre sensoriel depuis l\u2019individu, son intimit\u00e9, son int\u00e9rieur; \u00e0 la g\u00e9ographie d\u2019un cadre plus global, ext\u00e9rieur, telle une \u00e9tendue, territoire d\u2019un lieu commun.<br>Dans ses histoires fictives racont\u00e9es au fil dor\u00e9, symbolisant quelque chose de pr\u00e9cieux qui chercherait \u00e0 se rendre visible, Fragment-s agit tel des traces, des t\u00e9moignages d\u2019un \u00e2ge pass\u00e9 ou telles des propositions futures o\u00f9 chaque entit\u00e9 serait comme un alphabet, un \u00e9l\u00e9ment en devenir d\u2019un langage qui permettrait de lire autrement notre monde. Fragment-s convoquent notre imaginaire, notre inconscient. Il est un support d\u2019\u00e9vasion et il nous invite \u00e0 voyager entre \u00ab&nbsp;endroit&nbsp;\u00bb, premi\u00e8res apparences d\u2019une vision ext\u00e9rieure et \u00ab&nbsp;envers&nbsp;\u00bb, lecture plus inconsciente et int\u00e9rieure qui interroge le sens de toute chose. L&rsquo;occasion de (re)d\u00e9finir de nouvelles utopies&nbsp;?<\/p>\n","protected":false},"excerpt":{"rendered":"<p>Broderie Main, Feutre de Laine , fils coton &amp; m\u00e9tallique, environ 15 x 12 cm , 2020 Fragment-s est une s\u00e9rie au nombre ind\u00e9fini \u00ab&nbsp;d&rsquo;entit\u00e9s autonomes&nbsp;\u00bb. La forme globale ext\u00e9rieure de chaque volume semble \u00e0 la fois al\u00e9atoire et tr\u00e8s fa\u00e7onn\u00e9e. Tel des \u00ab&nbsp;morceaux d\u00e9coup\u00e9s&nbsp;\u00bb, ces sculptures textiles questionnent par leurs contours d\u00e9limit\u00e9s, ferm\u00e9s. S&rsquo;agit-il &hellip; <\/p>\n<p class=\"link-more\"><a href=\"https:\/\/emiliechaumet-textile.fr\/?page_id=102\" class=\"more-link\">Continuer la lecture<span class=\"screen-reader-text\"> de &laquo;&nbsp;Fragment-s&nbsp;&raquo;<\/span><\/a><\/p>\n","protected":false},"author":1,"featured_media":0,"parent":0,"menu_order":0,"comment_status":"closed","ping_status":"closed","template":"","meta":{"footnotes":""},"_links":{"self":[{"href":"https:\/\/emiliechaumet-textile.fr\/index.php?rest_route=\/wp\/v2\/pages\/102"}],"collection":[{"href":"https:\/\/emiliechaumet-textile.fr\/index.php?rest_route=\/wp\/v2\/pages"}],"about":[{"href":"https:\/\/emiliechaumet-textile.fr\/index.php?rest_route=\/wp\/v2\/types\/page"}],"author":[{"embeddable":true,"href":"https:\/\/emiliechaumet-textile.fr\/index.php?rest_route=\/wp\/v2\/users\/1"}],"replies":[{"embeddable":true,"href":"https:\/\/emiliechaumet-textile.fr\/index.php?rest_route=%2Fwp%2Fv2%2Fcomments&post=102"}],"version-history":[{"count":9,"href":"https:\/\/emiliechaumet-textile.fr\/index.php?rest_route=\/wp\/v2\/pages\/102\/revisions"}],"predecessor-version":[{"id":461,"href":"https:\/\/emiliechaumet-textile.fr\/index.php?rest_route=\/wp\/v2\/pages\/102\/revisions\/461"}],"wp:attachment":[{"href":"https:\/\/emiliechaumet-textile.fr\/index.php?rest_route=%2Fwp%2Fv2%2Fmedia&parent=102"}],"curies":[{"name":"wp","href":"https:\/\/api.w.org\/{rel}","templated":true}]}}