{"id":104,"date":"2021-08-20T00:57:39","date_gmt":"2021-08-19T22:57:39","guid":{"rendered":"http:\/\/emiliechaumet-textile.fr\/?page_id=104"},"modified":"2022-01-10T12:46:34","modified_gmt":"2022-01-10T11:46:34","slug":"mutationem-insectum","status":"publish","type":"page","link":"https:\/\/emiliechaumet-textile.fr\/?page_id=104","title":{"rendered":"Mutationem  Nauta &#038; Insectum"},"content":{"rendered":"\n<figure class=\"wp-block-gallery columns-3 is-cropped wp-block-gallery-1 is-layout-flex wp-block-gallery-is-layout-flex\"><ul class=\"blocks-gallery-grid\"><li class=\"blocks-gallery-item\"><figure><img loading=\"lazy\" decoding=\"async\" width=\"1024\" height=\"1024\" src=\"https:\/\/emiliechaumet-textile.fr\/wp-content\/uploads\/2021\/08\/MUTATIONEM-INSECTUM-1024x1024.jpg\" alt=\"\" data-id=\"66\" data-link=\"https:\/\/emiliechaumet-textile.fr\/?attachment_id=66\" class=\"wp-image-66\" srcset=\"https:\/\/emiliechaumet-textile.fr\/wp-content\/uploads\/2021\/08\/MUTATIONEM-INSECTUM-1024x1024.jpg 1024w, https:\/\/emiliechaumet-textile.fr\/wp-content\/uploads\/2021\/08\/MUTATIONEM-INSECTUM-300x300.jpg 300w, https:\/\/emiliechaumet-textile.fr\/wp-content\/uploads\/2021\/08\/MUTATIONEM-INSECTUM-150x150.jpg 150w, https:\/\/emiliechaumet-textile.fr\/wp-content\/uploads\/2021\/08\/MUTATIONEM-INSECTUM-768x768.jpg 768w, https:\/\/emiliechaumet-textile.fr\/wp-content\/uploads\/2021\/08\/MUTATIONEM-INSECTUM-1536x1536.jpg 1536w, https:\/\/emiliechaumet-textile.fr\/wp-content\/uploads\/2021\/08\/MUTATIONEM-INSECTUM-100x100.jpg 100w, https:\/\/emiliechaumet-textile.fr\/wp-content\/uploads\/2021\/08\/MUTATIONEM-INSECTUM.jpg 2000w\" sizes=\"(max-width: 767px) 89vw, (max-width: 1000px) 54vw, (max-width: 1071px) 543px, 580px\" \/><\/figure><\/li><li class=\"blocks-gallery-item\"><figure><img loading=\"lazy\" decoding=\"async\" width=\"1024\" height=\"1024\" src=\"https:\/\/emiliechaumet-textile.fr\/wp-content\/uploads\/2021\/08\/DSC1647-1024x1024.jpg\" alt=\"\" data-id=\"105\" data-link=\"https:\/\/emiliechaumet-textile.fr\/?attachment_id=105\" class=\"wp-image-105\" srcset=\"https:\/\/emiliechaumet-textile.fr\/wp-content\/uploads\/2021\/08\/DSC1647-1024x1024.jpg 1024w, https:\/\/emiliechaumet-textile.fr\/wp-content\/uploads\/2021\/08\/DSC1647-300x300.jpg 300w, https:\/\/emiliechaumet-textile.fr\/wp-content\/uploads\/2021\/08\/DSC1647-150x150.jpg 150w, https:\/\/emiliechaumet-textile.fr\/wp-content\/uploads\/2021\/08\/DSC1647-768x768.jpg 768w, https:\/\/emiliechaumet-textile.fr\/wp-content\/uploads\/2021\/08\/DSC1647-1536x1536.jpg 1536w, https:\/\/emiliechaumet-textile.fr\/wp-content\/uploads\/2021\/08\/DSC1647-2048x2048.jpg 2048w, https:\/\/emiliechaumet-textile.fr\/wp-content\/uploads\/2021\/08\/DSC1647-100x100.jpg 100w\" sizes=\"(max-width: 767px) 89vw, (max-width: 1000px) 54vw, (max-width: 1071px) 543px, 580px\" \/><\/figure><\/li><li class=\"blocks-gallery-item\"><figure><img loading=\"lazy\" decoding=\"async\" width=\"1024\" height=\"1024\" src=\"https:\/\/emiliechaumet-textile.fr\/wp-content\/uploads\/2021\/08\/DSC1650-1024x1024.jpg\" alt=\"\" data-id=\"106\" data-link=\"https:\/\/emiliechaumet-textile.fr\/?attachment_id=106\" class=\"wp-image-106\" srcset=\"https:\/\/emiliechaumet-textile.fr\/wp-content\/uploads\/2021\/08\/DSC1650-1024x1024.jpg 1024w, https:\/\/emiliechaumet-textile.fr\/wp-content\/uploads\/2021\/08\/DSC1650-300x300.jpg 300w, https:\/\/emiliechaumet-textile.fr\/wp-content\/uploads\/2021\/08\/DSC1650-150x150.jpg 150w, https:\/\/emiliechaumet-textile.fr\/wp-content\/uploads\/2021\/08\/DSC1650-768x768.jpg 768w, https:\/\/emiliechaumet-textile.fr\/wp-content\/uploads\/2021\/08\/DSC1650-1536x1536.jpg 1536w, https:\/\/emiliechaumet-textile.fr\/wp-content\/uploads\/2021\/08\/DSC1650-2048x2048.jpg 2048w, https:\/\/emiliechaumet-textile.fr\/wp-content\/uploads\/2021\/08\/DSC1650-100x100.jpg 100w\" sizes=\"(max-width: 767px) 89vw, (max-width: 1000px) 54vw, (max-width: 1071px) 543px, 580px\" \/><\/figure><\/li><li class=\"blocks-gallery-item\"><figure><img loading=\"lazy\" decoding=\"async\" width=\"1024\" height=\"1024\" src=\"https:\/\/emiliechaumet-textile.fr\/wp-content\/uploads\/2021\/09\/DSC1638-1024x1024.jpg\" alt=\"\" data-id=\"215\" data-full-url=\"https:\/\/emiliechaumet-textile.fr\/wp-content\/uploads\/2021\/09\/DSC1638-scaled.jpg\" data-link=\"https:\/\/emiliechaumet-textile.fr\/?attachment_id=215\" class=\"wp-image-215\" srcset=\"https:\/\/emiliechaumet-textile.fr\/wp-content\/uploads\/2021\/09\/DSC1638-1024x1024.jpg 1024w, https:\/\/emiliechaumet-textile.fr\/wp-content\/uploads\/2021\/09\/DSC1638-300x300.jpg 300w, https:\/\/emiliechaumet-textile.fr\/wp-content\/uploads\/2021\/09\/DSC1638-150x150.jpg 150w, https:\/\/emiliechaumet-textile.fr\/wp-content\/uploads\/2021\/09\/DSC1638-768x768.jpg 768w, https:\/\/emiliechaumet-textile.fr\/wp-content\/uploads\/2021\/09\/DSC1638-1536x1536.jpg 1536w, https:\/\/emiliechaumet-textile.fr\/wp-content\/uploads\/2021\/09\/DSC1638-2048x2048.jpg 2048w, https:\/\/emiliechaumet-textile.fr\/wp-content\/uploads\/2021\/09\/DSC1638-100x100.jpg 100w\" sizes=\"(max-width: 767px) 89vw, (max-width: 1000px) 54vw, (max-width: 1071px) 543px, 580px\" \/><\/figure><\/li><li class=\"blocks-gallery-item\"><figure><img loading=\"lazy\" decoding=\"async\" width=\"1024\" height=\"1024\" src=\"https:\/\/emiliechaumet-textile.fr\/wp-content\/uploads\/2021\/09\/DSC1641-1024x1024.jpg\" alt=\"\" data-id=\"217\" data-full-url=\"https:\/\/emiliechaumet-textile.fr\/wp-content\/uploads\/2021\/09\/DSC1641-scaled.jpg\" data-link=\"https:\/\/emiliechaumet-textile.fr\/?attachment_id=217\" class=\"wp-image-217\" srcset=\"https:\/\/emiliechaumet-textile.fr\/wp-content\/uploads\/2021\/09\/DSC1641-1024x1024.jpg 1024w, https:\/\/emiliechaumet-textile.fr\/wp-content\/uploads\/2021\/09\/DSC1641-300x300.jpg 300w, https:\/\/emiliechaumet-textile.fr\/wp-content\/uploads\/2021\/09\/DSC1641-150x150.jpg 150w, https:\/\/emiliechaumet-textile.fr\/wp-content\/uploads\/2021\/09\/DSC1641-768x768.jpg 768w, https:\/\/emiliechaumet-textile.fr\/wp-content\/uploads\/2021\/09\/DSC1641-1536x1536.jpg 1536w, https:\/\/emiliechaumet-textile.fr\/wp-content\/uploads\/2021\/09\/DSC1641-2048x2048.jpg 2048w, https:\/\/emiliechaumet-textile.fr\/wp-content\/uploads\/2021\/09\/DSC1641-100x100.jpg 100w\" sizes=\"(max-width: 767px) 89vw, (max-width: 1000px) 54vw, (max-width: 1071px) 543px, 580px\" \/><\/figure><\/li><li class=\"blocks-gallery-item\"><figure><img loading=\"lazy\" decoding=\"async\" width=\"1024\" height=\"1024\" src=\"https:\/\/emiliechaumet-textile.fr\/wp-content\/uploads\/2021\/09\/DSC1642-1024x1024.jpg\" alt=\"\" data-id=\"218\" data-full-url=\"https:\/\/emiliechaumet-textile.fr\/wp-content\/uploads\/2021\/09\/DSC1642-scaled.jpg\" data-link=\"https:\/\/emiliechaumet-textile.fr\/?attachment_id=218\" class=\"wp-image-218\" srcset=\"https:\/\/emiliechaumet-textile.fr\/wp-content\/uploads\/2021\/09\/DSC1642-1024x1024.jpg 1024w, https:\/\/emiliechaumet-textile.fr\/wp-content\/uploads\/2021\/09\/DSC1642-300x300.jpg 300w, https:\/\/emiliechaumet-textile.fr\/wp-content\/uploads\/2021\/09\/DSC1642-150x150.jpg 150w, https:\/\/emiliechaumet-textile.fr\/wp-content\/uploads\/2021\/09\/DSC1642-768x768.jpg 768w, https:\/\/emiliechaumet-textile.fr\/wp-content\/uploads\/2021\/09\/DSC1642-1536x1536.jpg 1536w, https:\/\/emiliechaumet-textile.fr\/wp-content\/uploads\/2021\/09\/DSC1642-2048x2048.jpg 2048w, https:\/\/emiliechaumet-textile.fr\/wp-content\/uploads\/2021\/09\/DSC1642-100x100.jpg 100w\" sizes=\"(max-width: 767px) 89vw, (max-width: 1000px) 54vw, (max-width: 1071px) 543px, 580px\" \/><\/figure><\/li><li class=\"blocks-gallery-item\"><figure><img loading=\"lazy\" decoding=\"async\" width=\"1024\" height=\"1024\" src=\"https:\/\/emiliechaumet-textile.fr\/wp-content\/uploads\/2021\/09\/DSC1643-1024x1024.jpg\" alt=\"\" data-id=\"219\" data-full-url=\"https:\/\/emiliechaumet-textile.fr\/wp-content\/uploads\/2021\/09\/DSC1643-scaled.jpg\" data-link=\"https:\/\/emiliechaumet-textile.fr\/?attachment_id=219\" class=\"wp-image-219\" srcset=\"https:\/\/emiliechaumet-textile.fr\/wp-content\/uploads\/2021\/09\/DSC1643-1024x1024.jpg 1024w, https:\/\/emiliechaumet-textile.fr\/wp-content\/uploads\/2021\/09\/DSC1643-300x300.jpg 300w, https:\/\/emiliechaumet-textile.fr\/wp-content\/uploads\/2021\/09\/DSC1643-150x150.jpg 150w, https:\/\/emiliechaumet-textile.fr\/wp-content\/uploads\/2021\/09\/DSC1643-768x768.jpg 768w, https:\/\/emiliechaumet-textile.fr\/wp-content\/uploads\/2021\/09\/DSC1643-1536x1536.jpg 1536w, https:\/\/emiliechaumet-textile.fr\/wp-content\/uploads\/2021\/09\/DSC1643-2048x2048.jpg 2048w, https:\/\/emiliechaumet-textile.fr\/wp-content\/uploads\/2021\/09\/DSC1643-100x100.jpg 100w\" sizes=\"(max-width: 767px) 89vw, (max-width: 1000px) 54vw, (max-width: 1071px) 543px, 580px\" \/><\/figure><\/li><li class=\"blocks-gallery-item\"><figure><img loading=\"lazy\" decoding=\"async\" width=\"1024\" height=\"1024\" src=\"https:\/\/emiliechaumet-textile.fr\/wp-content\/uploads\/2021\/09\/DSC1645-1024x1024.jpg\" alt=\"\" data-id=\"220\" data-full-url=\"https:\/\/emiliechaumet-textile.fr\/wp-content\/uploads\/2021\/09\/DSC1645-scaled.jpg\" data-link=\"https:\/\/emiliechaumet-textile.fr\/?attachment_id=220\" class=\"wp-image-220\" srcset=\"https:\/\/emiliechaumet-textile.fr\/wp-content\/uploads\/2021\/09\/DSC1645-1024x1024.jpg 1024w, https:\/\/emiliechaumet-textile.fr\/wp-content\/uploads\/2021\/09\/DSC1645-300x300.jpg 300w, https:\/\/emiliechaumet-textile.fr\/wp-content\/uploads\/2021\/09\/DSC1645-150x150.jpg 150w, https:\/\/emiliechaumet-textile.fr\/wp-content\/uploads\/2021\/09\/DSC1645-768x768.jpg 768w, https:\/\/emiliechaumet-textile.fr\/wp-content\/uploads\/2021\/09\/DSC1645-1536x1536.jpg 1536w, https:\/\/emiliechaumet-textile.fr\/wp-content\/uploads\/2021\/09\/DSC1645-2048x2048.jpg 2048w, https:\/\/emiliechaumet-textile.fr\/wp-content\/uploads\/2021\/09\/DSC1645-100x100.jpg 100w\" sizes=\"(max-width: 767px) 89vw, (max-width: 1000px) 54vw, (max-width: 1071px) 543px, 580px\" \/><\/figure><\/li><li class=\"blocks-gallery-item\"><figure><img loading=\"lazy\" decoding=\"async\" width=\"1024\" height=\"1024\" src=\"https:\/\/emiliechaumet-textile.fr\/wp-content\/uploads\/2021\/09\/DSC1646-1024x1024.jpg\" alt=\"\" data-id=\"221\" data-full-url=\"https:\/\/emiliechaumet-textile.fr\/wp-content\/uploads\/2021\/09\/DSC1646-scaled.jpg\" data-link=\"https:\/\/emiliechaumet-textile.fr\/?attachment_id=221\" class=\"wp-image-221\" srcset=\"https:\/\/emiliechaumet-textile.fr\/wp-content\/uploads\/2021\/09\/DSC1646-1024x1024.jpg 1024w, https:\/\/emiliechaumet-textile.fr\/wp-content\/uploads\/2021\/09\/DSC1646-300x300.jpg 300w, https:\/\/emiliechaumet-textile.fr\/wp-content\/uploads\/2021\/09\/DSC1646-150x150.jpg 150w, https:\/\/emiliechaumet-textile.fr\/wp-content\/uploads\/2021\/09\/DSC1646-768x768.jpg 768w, https:\/\/emiliechaumet-textile.fr\/wp-content\/uploads\/2021\/09\/DSC1646-1536x1536.jpg 1536w, https:\/\/emiliechaumet-textile.fr\/wp-content\/uploads\/2021\/09\/DSC1646-2048x2048.jpg 2048w, https:\/\/emiliechaumet-textile.fr\/wp-content\/uploads\/2021\/09\/DSC1646-100x100.jpg 100w\" sizes=\"(max-width: 767px) 89vw, (max-width: 1000px) 54vw, (max-width: 1071px) 543px, 580px\" \/><\/figure><\/li><li class=\"blocks-gallery-item\"><figure><img loading=\"lazy\" decoding=\"async\" width=\"1024\" height=\"1024\" src=\"https:\/\/emiliechaumet-textile.fr\/wp-content\/uploads\/2021\/09\/DSC1640-1024x1024.jpg\" alt=\"\" data-id=\"216\" data-full-url=\"https:\/\/emiliechaumet-textile.fr\/wp-content\/uploads\/2021\/09\/DSC1640-scaled.jpg\" data-link=\"https:\/\/emiliechaumet-textile.fr\/?attachment_id=216\" class=\"wp-image-216\" srcset=\"https:\/\/emiliechaumet-textile.fr\/wp-content\/uploads\/2021\/09\/DSC1640-1024x1024.jpg 1024w, https:\/\/emiliechaumet-textile.fr\/wp-content\/uploads\/2021\/09\/DSC1640-300x300.jpg 300w, https:\/\/emiliechaumet-textile.fr\/wp-content\/uploads\/2021\/09\/DSC1640-150x150.jpg 150w, https:\/\/emiliechaumet-textile.fr\/wp-content\/uploads\/2021\/09\/DSC1640-768x768.jpg 768w, https:\/\/emiliechaumet-textile.fr\/wp-content\/uploads\/2021\/09\/DSC1640-1536x1536.jpg 1536w, https:\/\/emiliechaumet-textile.fr\/wp-content\/uploads\/2021\/09\/DSC1640-2048x2048.jpg 2048w, https:\/\/emiliechaumet-textile.fr\/wp-content\/uploads\/2021\/09\/DSC1640-100x100.jpg 100w\" sizes=\"(max-width: 767px) 89vw, (max-width: 1000px) 54vw, (max-width: 1071px) 543px, 580px\" \/><\/figure><\/li><\/ul><\/figure>\n\n\n\n<figure class=\"wp-block-image size-large\"><img loading=\"lazy\" decoding=\"async\" width=\"1024\" height=\"683\" src=\"https:\/\/emiliechaumet-textile.fr\/wp-content\/uploads\/2022\/01\/6P5A2964-1024x683.jpg\" alt=\"\" class=\"wp-image-262\" srcset=\"https:\/\/emiliechaumet-textile.fr\/wp-content\/uploads\/2022\/01\/6P5A2964-1024x683.jpg 1024w, https:\/\/emiliechaumet-textile.fr\/wp-content\/uploads\/2022\/01\/6P5A2964-300x200.jpg 300w, https:\/\/emiliechaumet-textile.fr\/wp-content\/uploads\/2022\/01\/6P5A2964-768x512.jpg 768w, https:\/\/emiliechaumet-textile.fr\/wp-content\/uploads\/2022\/01\/6P5A2964-1536x1024.jpg 1536w, https:\/\/emiliechaumet-textile.fr\/wp-content\/uploads\/2022\/01\/6P5A2964-2048x1365.jpg 2048w\" sizes=\"(max-width: 767px) 89vw, (max-width: 1000px) 54vw, (max-width: 1071px) 543px, 580px\" \/><\/figure>\n\n\n\n<blockquote class=\"wp-block-quote\"><p>Broderie Main, Velour, fils coton et m\u00e9tallique, 30 cm de diam\u00e8tre, 2020<\/p><\/blockquote>\n\n\n\n<pre class=\"wp-block-code\"><code><\/code><\/pre>\n\n\n\n<p>Mutationem \u2013 Nauta et Mutationem &#8211; Insectum sont deux s\u00e9ries d&rsquo;animaux (marins et insectes) qui se seraient transform\u00e9s, modifi\u00e9s au cours du temps. Il est alors question d&rsquo;\u00e9volution, d&rsquo;un rapport au temps et \u00e0 notre environnement. Le spectateur est invit\u00e9 \u00e0 s&rsquo;interroger sur les causes et les cons\u00e9quences de ces transformations-mutations&nbsp;: s&rsquo;agirait-il d&rsquo;un d\u00e9r\u00e8glement de la nature&nbsp;? d&rsquo;une mutation avanc\u00e9e&nbsp;?<br>Aucun indice\u2026 ni positif ni n\u00e9gatif n&rsquo;est donn\u00e9. S&rsquo;agit-il de sc\u00e9narios propos\u00e9s tels des utopies&nbsp;? un r\u00eave&nbsp;? une mythologie contemporaine&nbsp;?<br>Ces animaux sont pr\u00e9sent\u00e9s au centre, comme \u00e9pingl\u00e9s sur des tambours de broderie. Multipli\u00e9s et juxtapos\u00e9s, ils forment un ensemble qui n&rsquo;est pas sans rappeler les cabinets de curiosit\u00e9. Telle une collection fictive, elle pourrait \u00eatre assimil\u00e9e \u00e0 une collection dite \u00ab&nbsp;biologique&nbsp;\u00bb. Les animaux ici rassembl\u00e9s partagent un m\u00eame aspect&nbsp;: ils sont issus du m\u00eame milieu, le monde marin ou le monde terrestre. Cet ensemble joue d&rsquo;une dualit\u00e9 entre la technique \u00ab&nbsp;fig\u00e9e&nbsp;\u00bb de la broderie, telle une capture du temps; et entre l&rsquo;instantan\u00e9it\u00e9 d&rsquo;une nature en perp\u00e9tuelle \u00e9volution-mutation. Toutefois quelque chose semble s&rsquo;\u00e9chapper, se dissoudre, glisser, se disperser\u2026. Comme si tout restait encore possible, tel un t\u00e9moin fictif du temps qui passe, cette collection sensorielle, voire \u00e9motionnelle, permet de garder en m\u00e9moire les interactions qui existent entre l&rsquo;homme et l&rsquo;environnement.<br>Que ce soit par le fil ou le fond dor\u00e9, la couleur souligne la pr\u00e9ciosit\u00e9 de cette nature et met aussi en \u00e9vidence un monde invisible qui chercherait \u00e0 alerter, se rendre visible, tel un signe. Le fond color\u00e9 et flou agit \u00e0 la fois comme un reflet d&rsquo;un monde marin brouill\u00e9&nbsp;? souill\u00e9&nbsp;? Les utopies sont-elles toujours tangibles&nbsp;?<\/p>\n","protected":false},"excerpt":{"rendered":"<p>Broderie Main, Velour, fils coton et m\u00e9tallique, 30 cm de diam\u00e8tre, 2020 Mutationem \u2013 Nauta et Mutationem &#8211; Insectum sont deux s\u00e9ries d&rsquo;animaux (marins et insectes) qui se seraient transform\u00e9s, modifi\u00e9s au cours du temps. Il est alors question d&rsquo;\u00e9volution, d&rsquo;un rapport au temps et \u00e0 notre environnement. Le spectateur est invit\u00e9 \u00e0 s&rsquo;interroger sur &hellip; <\/p>\n<p class=\"link-more\"><a href=\"https:\/\/emiliechaumet-textile.fr\/?page_id=104\" class=\"more-link\">Continuer la lecture<span class=\"screen-reader-text\"> de &laquo;&nbsp;Mutationem  Nauta &#038; Insectum&nbsp;&raquo;<\/span><\/a><\/p>\n","protected":false},"author":1,"featured_media":0,"parent":0,"menu_order":0,"comment_status":"closed","ping_status":"closed","template":"","meta":{"footnotes":""},"_links":{"self":[{"href":"https:\/\/emiliechaumet-textile.fr\/index.php?rest_route=\/wp\/v2\/pages\/104"}],"collection":[{"href":"https:\/\/emiliechaumet-textile.fr\/index.php?rest_route=\/wp\/v2\/pages"}],"about":[{"href":"https:\/\/emiliechaumet-textile.fr\/index.php?rest_route=\/wp\/v2\/types\/page"}],"author":[{"embeddable":true,"href":"https:\/\/emiliechaumet-textile.fr\/index.php?rest_route=\/wp\/v2\/users\/1"}],"replies":[{"embeddable":true,"href":"https:\/\/emiliechaumet-textile.fr\/index.php?rest_route=%2Fwp%2Fv2%2Fcomments&post=104"}],"version-history":[{"count":5,"href":"https:\/\/emiliechaumet-textile.fr\/index.php?rest_route=\/wp\/v2\/pages\/104\/revisions"}],"predecessor-version":[{"id":265,"href":"https:\/\/emiliechaumet-textile.fr\/index.php?rest_route=\/wp\/v2\/pages\/104\/revisions\/265"}],"wp:attachment":[{"href":"https:\/\/emiliechaumet-textile.fr\/index.php?rest_route=%2Fwp%2Fv2%2Fmedia&parent=104"}],"curies":[{"name":"wp","href":"https:\/\/api.w.org\/{rel}","templated":true}]}}