{"id":110,"date":"2021-08-20T00:59:43","date_gmt":"2021-08-19T22:59:43","guid":{"rendered":"http:\/\/emiliechaumet-textile.fr\/?page_id=110"},"modified":"2022-03-05T22:18:51","modified_gmt":"2022-03-05T21:18:51","slug":"totems-brodes-2","status":"publish","type":"page","link":"https:\/\/emiliechaumet-textile.fr\/?page_id=110","title":{"rendered":"Totems Brod\u00e9s"},"content":{"rendered":"\n<figure class=\"wp-block-image size-large\"><img loading=\"lazy\" decoding=\"async\" width=\"1024\" height=\"683\" src=\"https:\/\/emiliechaumet-textile.fr\/wp-content\/uploads\/2021\/08\/DSC10322-1024x683.jpg\" alt=\"\" class=\"wp-image-85\" srcset=\"https:\/\/emiliechaumet-textile.fr\/wp-content\/uploads\/2021\/08\/DSC10322-1024x683.jpg 1024w, https:\/\/emiliechaumet-textile.fr\/wp-content\/uploads\/2021\/08\/DSC10322-300x200.jpg 300w, https:\/\/emiliechaumet-textile.fr\/wp-content\/uploads\/2021\/08\/DSC10322-768x512.jpg 768w, https:\/\/emiliechaumet-textile.fr\/wp-content\/uploads\/2021\/08\/DSC10322-1536x1024.jpg 1536w, https:\/\/emiliechaumet-textile.fr\/wp-content\/uploads\/2021\/08\/DSC10322-2048x1366.jpg 2048w\" sizes=\"(max-width: 767px) 89vw, (max-width: 1000px) 54vw, (max-width: 1071px) 543px, 580px\" \/><\/figure>\n\n\n\n<figure class=\"wp-block-gallery has-nested-images columns-default is-cropped wp-block-gallery-1 is-layout-flex wp-block-gallery-is-layout-flex\">\n<figure class=\"wp-block-image size-large\"><img loading=\"lazy\" decoding=\"async\" width=\"683\" height=\"1024\" data-id=\"82\" src=\"https:\/\/emiliechaumet-textile.fr\/wp-content\/uploads\/2021\/08\/DSC10092-683x1024.jpg\" alt=\"\" class=\"wp-image-82\" srcset=\"https:\/\/emiliechaumet-textile.fr\/wp-content\/uploads\/2021\/08\/DSC10092-683x1024.jpg 683w, https:\/\/emiliechaumet-textile.fr\/wp-content\/uploads\/2021\/08\/DSC10092-200x300.jpg 200w, https:\/\/emiliechaumet-textile.fr\/wp-content\/uploads\/2021\/08\/DSC10092-768x1152.jpg 768w, https:\/\/emiliechaumet-textile.fr\/wp-content\/uploads\/2021\/08\/DSC10092-1024x1536.jpg 1024w, https:\/\/emiliechaumet-textile.fr\/wp-content\/uploads\/2021\/08\/DSC10092-1365x2048.jpg 1365w, https:\/\/emiliechaumet-textile.fr\/wp-content\/uploads\/2021\/08\/DSC10092-scaled.jpg 1707w\" sizes=\"(max-width: 683px) 100vw, 683px\" \/><\/figure>\n\n\n\n<figure class=\"wp-block-image size-large\"><img loading=\"lazy\" decoding=\"async\" width=\"1024\" height=\"683\" data-id=\"84\" src=\"https:\/\/emiliechaumet-textile.fr\/wp-content\/uploads\/2021\/08\/DSC10132-1024x683.jpg\" alt=\"\" class=\"wp-image-84\" srcset=\"https:\/\/emiliechaumet-textile.fr\/wp-content\/uploads\/2021\/08\/DSC10132-1024x683.jpg 1024w, https:\/\/emiliechaumet-textile.fr\/wp-content\/uploads\/2021\/08\/DSC10132-300x200.jpg 300w, https:\/\/emiliechaumet-textile.fr\/wp-content\/uploads\/2021\/08\/DSC10132-768x512.jpg 768w, https:\/\/emiliechaumet-textile.fr\/wp-content\/uploads\/2021\/08\/DSC10132-1536x1024.jpg 1536w, https:\/\/emiliechaumet-textile.fr\/wp-content\/uploads\/2021\/08\/DSC10132-2048x1366.jpg 2048w\" sizes=\"(max-width: 767px) 89vw, (max-width: 1000px) 54vw, (max-width: 1071px) 543px, 580px\" \/><\/figure>\n\n\n\n<figure class=\"wp-block-image size-large\"><img loading=\"lazy\" decoding=\"async\" width=\"683\" height=\"1024\" data-id=\"86\" src=\"https:\/\/emiliechaumet-textile.fr\/wp-content\/uploads\/2021\/08\/DSC10372-683x1024.jpg\" alt=\"\" class=\"wp-image-86\" srcset=\"https:\/\/emiliechaumet-textile.fr\/wp-content\/uploads\/2021\/08\/DSC10372-683x1024.jpg 683w, https:\/\/emiliechaumet-textile.fr\/wp-content\/uploads\/2021\/08\/DSC10372-200x300.jpg 200w, https:\/\/emiliechaumet-textile.fr\/wp-content\/uploads\/2021\/08\/DSC10372-768x1152.jpg 768w, https:\/\/emiliechaumet-textile.fr\/wp-content\/uploads\/2021\/08\/DSC10372-1024x1536.jpg 1024w, https:\/\/emiliechaumet-textile.fr\/wp-content\/uploads\/2021\/08\/DSC10372-1366x2048.jpg 1366w, https:\/\/emiliechaumet-textile.fr\/wp-content\/uploads\/2021\/08\/DSC10372.jpg 1575w\" sizes=\"(max-width: 683px) 100vw, 683px\" \/><\/figure>\n\n\n\n<figure class=\"wp-block-image size-large\"><img loading=\"lazy\" decoding=\"async\" width=\"1024\" height=\"683\" data-id=\"87\" src=\"https:\/\/emiliechaumet-textile.fr\/wp-content\/uploads\/2021\/08\/Oeuvre-n\u00b03-1024x683.jpg\" alt=\"\" class=\"wp-image-87\" srcset=\"https:\/\/emiliechaumet-textile.fr\/wp-content\/uploads\/2021\/08\/Oeuvre-n\u00b03-1024x683.jpg 1024w, https:\/\/emiliechaumet-textile.fr\/wp-content\/uploads\/2021\/08\/Oeuvre-n\u00b03-300x200.jpg 300w, https:\/\/emiliechaumet-textile.fr\/wp-content\/uploads\/2021\/08\/Oeuvre-n\u00b03-768x512.jpg 768w, https:\/\/emiliechaumet-textile.fr\/wp-content\/uploads\/2021\/08\/Oeuvre-n\u00b03-1536x1024.jpg 1536w, https:\/\/emiliechaumet-textile.fr\/wp-content\/uploads\/2021\/08\/Oeuvre-n\u00b03-2048x1366.jpg 2048w\" sizes=\"(max-width: 767px) 89vw, (max-width: 1000px) 54vw, (max-width: 1071px) 543px, 580px\" \/><\/figure>\n<\/figure>\n\n\n\n<blockquote class=\"wp-block-quote\"><p>Installation, Broderie Main, Divers textiles et fils de coton, Volumes entre 25 x 25cm &#8211; 60 x 25cm, 2019<\/p><\/blockquote>\n\n\n\n<p>Totems est une s\u00e9rie de volumes g\u00e9om\u00e9triques \u00e0 assembler, superposer, combiner pour cr\u00e9er un\/des totem(s). Tels des effigies personnelles ou collectives, ces totems \u00e0 (co)-construire sont un temps donn\u00e9 au spectateur pour interagir, s&rsquo;identifier et appartenir \u00e0 un ensemble. Ce serait l&rsquo;occasion de se questionner et de cheminer ensemble, d&rsquo;essayer, de se tromper et de recommencer pour (r\u00e9)inventer ses propres cultes.<br>Les volumes g\u00e9om\u00e9triques sont de formes et contours d\u00e9finis et identifiables de tous. Ils ont \u00e9t\u00e9 trac\u00e9s, construits et assembl\u00e9s par la couture. Les motifs r\u00e9alis\u00e9s tels des dessins tant dans l&rsquo;approche spontan\u00e9e, que dans les effets plastiques produits, sont brod\u00e9s al\u00e9atoirement \u00e0 la main.<br>Les volumes peuvent se relier, se connecter entre eux par les traits qui semblent vouloir s&rsquo;\u00e9chapper de leur contenant. Les motifs en apparence \u00ab&nbsp;d\u00e9coratifs&nbsp;\u00bb d\u00e9tournent l&rsquo;attention, la capte, tel un leurre\u2026 Le propos est ailleurs&nbsp;!<br>La consistance molle des sculptures augmente la difficult\u00e9 d&rsquo;\u00e9riger et donne un c\u00f4t\u00e9 \u00ab&nbsp;pr\u00e9caire&nbsp;\u00bb \u00e0 l&rsquo;installation o\u00f9 l\u2019id\u00e9e du fragile, de l&rsquo;instable invite \u00e0 une qu\u00eate d\u2019\u00e9quilibre. A l\u2019image de l\u2019\u00e9quilibre n\u00e9cessaire \u00e0 un futur durable, la solution est multiple, \u00e0 inventer!<\/p>\n","protected":false},"excerpt":{"rendered":"<p>Installation, Broderie Main, Divers textiles et fils de coton, Volumes entre 25 x 25cm &#8211; 60 x 25cm, 2019 Totems est une s\u00e9rie de volumes g\u00e9om\u00e9triques \u00e0 assembler, superposer, combiner pour cr\u00e9er un\/des totem(s). Tels des effigies personnelles ou collectives, ces totems \u00e0 (co)-construire sont un temps donn\u00e9 au spectateur pour interagir, s&rsquo;identifier et appartenir &hellip; <\/p>\n<p class=\"link-more\"><a href=\"https:\/\/emiliechaumet-textile.fr\/?page_id=110\" class=\"more-link\">Continuer la lecture<span class=\"screen-reader-text\"> de &laquo;&nbsp;Totems Brod\u00e9s&nbsp;&raquo;<\/span><\/a><\/p>\n","protected":false},"author":1,"featured_media":0,"parent":0,"menu_order":0,"comment_status":"closed","ping_status":"closed","template":"","meta":{"footnotes":""},"_links":{"self":[{"href":"https:\/\/emiliechaumet-textile.fr\/index.php?rest_route=\/wp\/v2\/pages\/110"}],"collection":[{"href":"https:\/\/emiliechaumet-textile.fr\/index.php?rest_route=\/wp\/v2\/pages"}],"about":[{"href":"https:\/\/emiliechaumet-textile.fr\/index.php?rest_route=\/wp\/v2\/types\/page"}],"author":[{"embeddable":true,"href":"https:\/\/emiliechaumet-textile.fr\/index.php?rest_route=\/wp\/v2\/users\/1"}],"replies":[{"embeddable":true,"href":"https:\/\/emiliechaumet-textile.fr\/index.php?rest_route=%2Fwp%2Fv2%2Fcomments&post=110"}],"version-history":[{"count":5,"href":"https:\/\/emiliechaumet-textile.fr\/index.php?rest_route=\/wp\/v2\/pages\/110\/revisions"}],"predecessor-version":[{"id":413,"href":"https:\/\/emiliechaumet-textile.fr\/index.php?rest_route=\/wp\/v2\/pages\/110\/revisions\/413"}],"wp:attachment":[{"href":"https:\/\/emiliechaumet-textile.fr\/index.php?rest_route=%2Fwp%2Fv2%2Fmedia&parent=110"}],"curies":[{"name":"wp","href":"https:\/\/api.w.org\/{rel}","templated":true}]}}