{"id":112,"date":"2021-08-20T01:00:33","date_gmt":"2021-08-19T23:00:33","guid":{"rendered":"http:\/\/emiliechaumet-textile.fr\/?page_id=112"},"modified":"2021-08-20T13:44:12","modified_gmt":"2021-08-20T11:44:12","slug":"joss","status":"publish","type":"page","link":"https:\/\/emiliechaumet-textile.fr\/?page_id=112","title":{"rendered":"Joss"},"content":{"rendered":"\n<figure class=\"wp-block-gallery columns-3 is-cropped wp-block-gallery-1 is-layout-flex wp-block-gallery-is-layout-flex\"><ul class=\"blocks-gallery-grid\"><li class=\"blocks-gallery-item\"><figure><img loading=\"lazy\" decoding=\"async\" width=\"1024\" height=\"682\" src=\"https:\/\/emiliechaumet-textile.fr\/wp-content\/uploads\/2021\/08\/DSC0959-1024x682.jpg\" alt=\"\" data-id=\"75\" data-full-url=\"https:\/\/emiliechaumet-textile.fr\/wp-content\/uploads\/2021\/08\/DSC0959.jpg\" data-link=\"https:\/\/emiliechaumet-textile.fr\/?attachment_id=75\" class=\"wp-image-75\" srcset=\"https:\/\/emiliechaumet-textile.fr\/wp-content\/uploads\/2021\/08\/DSC0959-1024x682.jpg 1024w, https:\/\/emiliechaumet-textile.fr\/wp-content\/uploads\/2021\/08\/DSC0959-300x200.jpg 300w, https:\/\/emiliechaumet-textile.fr\/wp-content\/uploads\/2021\/08\/DSC0959-768x512.jpg 768w, https:\/\/emiliechaumet-textile.fr\/wp-content\/uploads\/2021\/08\/DSC0959-1536x1024.jpg 1536w, https:\/\/emiliechaumet-textile.fr\/wp-content\/uploads\/2021\/08\/DSC0959.jpg 2000w\" sizes=\"(max-width: 767px) 89vw, (max-width: 1000px) 54vw, (max-width: 1071px) 543px, 580px\" \/><\/figure><\/li><li class=\"blocks-gallery-item\"><figure><img loading=\"lazy\" decoding=\"async\" width=\"1024\" height=\"682\" src=\"https:\/\/emiliechaumet-textile.fr\/wp-content\/uploads\/2021\/08\/DSC0988-1024x682.jpg\" alt=\"\" data-id=\"76\" data-full-url=\"https:\/\/emiliechaumet-textile.fr\/wp-content\/uploads\/2021\/08\/DSC0988.jpg\" data-link=\"https:\/\/emiliechaumet-textile.fr\/?attachment_id=76\" class=\"wp-image-76\" srcset=\"https:\/\/emiliechaumet-textile.fr\/wp-content\/uploads\/2021\/08\/DSC0988-1024x682.jpg 1024w, https:\/\/emiliechaumet-textile.fr\/wp-content\/uploads\/2021\/08\/DSC0988-300x200.jpg 300w, https:\/\/emiliechaumet-textile.fr\/wp-content\/uploads\/2021\/08\/DSC0988-768x512.jpg 768w, https:\/\/emiliechaumet-textile.fr\/wp-content\/uploads\/2021\/08\/DSC0988-1536x1024.jpg 1536w, https:\/\/emiliechaumet-textile.fr\/wp-content\/uploads\/2021\/08\/DSC0988.jpg 2000w\" sizes=\"(max-width: 767px) 89vw, (max-width: 1000px) 54vw, (max-width: 1071px) 543px, 580px\" \/><\/figure><\/li><li class=\"blocks-gallery-item\"><figure><img loading=\"lazy\" decoding=\"async\" width=\"1024\" height=\"682\" src=\"https:\/\/emiliechaumet-textile.fr\/wp-content\/uploads\/2021\/08\/DSC0976-1024x682.jpg\" alt=\"\" data-id=\"77\" data-full-url=\"https:\/\/emiliechaumet-textile.fr\/wp-content\/uploads\/2021\/08\/DSC0976.jpg\" data-link=\"https:\/\/emiliechaumet-textile.fr\/?attachment_id=77\" class=\"wp-image-77\" srcset=\"https:\/\/emiliechaumet-textile.fr\/wp-content\/uploads\/2021\/08\/DSC0976-1024x682.jpg 1024w, https:\/\/emiliechaumet-textile.fr\/wp-content\/uploads\/2021\/08\/DSC0976-300x200.jpg 300w, https:\/\/emiliechaumet-textile.fr\/wp-content\/uploads\/2021\/08\/DSC0976-768x512.jpg 768w, https:\/\/emiliechaumet-textile.fr\/wp-content\/uploads\/2021\/08\/DSC0976-1536x1024.jpg 1536w, https:\/\/emiliechaumet-textile.fr\/wp-content\/uploads\/2021\/08\/DSC0976.jpg 2000w\" sizes=\"(max-width: 767px) 89vw, (max-width: 1000px) 54vw, (max-width: 1071px) 543px, 580px\" \/><\/figure><\/li><li class=\"blocks-gallery-item\"><figure><img loading=\"lazy\" decoding=\"async\" width=\"682\" height=\"1024\" src=\"https:\/\/emiliechaumet-textile.fr\/wp-content\/uploads\/2021\/08\/DSC0961-682x1024.jpg\" alt=\"\" data-id=\"78\" data-full-url=\"https:\/\/emiliechaumet-textile.fr\/wp-content\/uploads\/2021\/08\/DSC0961.jpg\" data-link=\"https:\/\/emiliechaumet-textile.fr\/?attachment_id=78\" class=\"wp-image-78\" srcset=\"https:\/\/emiliechaumet-textile.fr\/wp-content\/uploads\/2021\/08\/DSC0961-682x1024.jpg 682w, https:\/\/emiliechaumet-textile.fr\/wp-content\/uploads\/2021\/08\/DSC0961-200x300.jpg 200w, https:\/\/emiliechaumet-textile.fr\/wp-content\/uploads\/2021\/08\/DSC0961-768x1152.jpg 768w, https:\/\/emiliechaumet-textile.fr\/wp-content\/uploads\/2021\/08\/DSC0961-1024x1536.jpg 1024w, https:\/\/emiliechaumet-textile.fr\/wp-content\/uploads\/2021\/08\/DSC0961.jpg 1333w\" sizes=\"(max-width: 682px) 100vw, 682px\" \/><\/figure><\/li><\/ul><\/figure>\n\n\n\n<blockquote class=\"wp-block-quote\"><p>Installation, Divers textiles, Volumes entre 10 x 55 cm &#8211; 35 x 55 cm, 2017-2018<\/p><\/blockquote>\n\n\n\n<p>Joss est une s\u00e9rie de volumes ind\u00e9pendants qui dans leur apparence (forme, volume, couleur, texture) miment la nature. Vid\u00e9es de leur consistance et devenues l\u00e9g\u00e8res, ces buches de bois stylis\u00e9es s&rsquo;affranchissent de la r\u00e9alit\u00e9 et peuvent se manipuler ais\u00e9ment. Le spectateur interagit alors avec l&rsquo;oeuvre en empilant ou diss\u00e9minant les volumes pour cr\u00e9er un paysage imaginaire et po\u00e9tique. Cette installation met en exergue et questionne les relations que l&rsquo;homme entretient avec la nature, celle qu&rsquo;il cultive, fa\u00e7onne, exploite.<\/p>\n","protected":false},"excerpt":{"rendered":"<p>Installation, Divers textiles, Volumes entre 10 x 55 cm &#8211; 35 x 55 cm, 2017-2018 Joss est une s\u00e9rie de volumes ind\u00e9pendants qui dans leur apparence (forme, volume, couleur, texture) miment la nature. Vid\u00e9es de leur consistance et devenues l\u00e9g\u00e8res, ces buches de bois stylis\u00e9es s&rsquo;affranchissent de la r\u00e9alit\u00e9 et peuvent se manipuler ais\u00e9ment. Le &hellip; <\/p>\n<p class=\"link-more\"><a href=\"https:\/\/emiliechaumet-textile.fr\/?page_id=112\" class=\"more-link\">Continuer la lecture<span class=\"screen-reader-text\"> de &laquo;&nbsp;Joss&nbsp;&raquo;<\/span><\/a><\/p>\n","protected":false},"author":1,"featured_media":0,"parent":0,"menu_order":0,"comment_status":"closed","ping_status":"closed","template":"","meta":{"footnotes":""},"_links":{"self":[{"href":"https:\/\/emiliechaumet-textile.fr\/index.php?rest_route=\/wp\/v2\/pages\/112"}],"collection":[{"href":"https:\/\/emiliechaumet-textile.fr\/index.php?rest_route=\/wp\/v2\/pages"}],"about":[{"href":"https:\/\/emiliechaumet-textile.fr\/index.php?rest_route=\/wp\/v2\/types\/page"}],"author":[{"embeddable":true,"href":"https:\/\/emiliechaumet-textile.fr\/index.php?rest_route=\/wp\/v2\/users\/1"}],"replies":[{"embeddable":true,"href":"https:\/\/emiliechaumet-textile.fr\/index.php?rest_route=%2Fwp%2Fv2%2Fcomments&post=112"}],"version-history":[{"count":2,"href":"https:\/\/emiliechaumet-textile.fr\/index.php?rest_route=\/wp\/v2\/pages\/112\/revisions"}],"predecessor-version":[{"id":182,"href":"https:\/\/emiliechaumet-textile.fr\/index.php?rest_route=\/wp\/v2\/pages\/112\/revisions\/182"}],"wp:attachment":[{"href":"https:\/\/emiliechaumet-textile.fr\/index.php?rest_route=%2Fwp%2Fv2%2Fmedia&parent=112"}],"curies":[{"name":"wp","href":"https:\/\/api.w.org\/{rel}","templated":true}]}}