{"id":114,"date":"2021-08-20T01:07:05","date_gmt":"2021-08-19T23:07:05","guid":{"rendered":"http:\/\/emiliechaumet-textile.fr\/?page_id=114"},"modified":"2021-09-08T21:18:49","modified_gmt":"2021-09-08T19:18:49","slug":"the-rings-landscape","status":"publish","type":"page","link":"https:\/\/emiliechaumet-textile.fr\/?page_id=114","title":{"rendered":"The Rings, Landscape"},"content":{"rendered":"\n<figure class=\"wp-block-image size-large\"><img loading=\"lazy\" decoding=\"async\" width=\"1024\" height=\"682\" src=\"https:\/\/emiliechaumet-textile.fr\/wp-content\/uploads\/2021\/08\/DSC0905-1024x682.jpg\" alt=\"\" class=\"wp-image-118\" srcset=\"https:\/\/emiliechaumet-textile.fr\/wp-content\/uploads\/2021\/08\/DSC0905-1024x682.jpg 1024w, https:\/\/emiliechaumet-textile.fr\/wp-content\/uploads\/2021\/08\/DSC0905-300x200.jpg 300w, https:\/\/emiliechaumet-textile.fr\/wp-content\/uploads\/2021\/08\/DSC0905-768x512.jpg 768w, https:\/\/emiliechaumet-textile.fr\/wp-content\/uploads\/2021\/08\/DSC0905-1536x1024.jpg 1536w, https:\/\/emiliechaumet-textile.fr\/wp-content\/uploads\/2021\/08\/DSC0905.jpg 2000w\" sizes=\"(max-width: 767px) 89vw, (max-width: 1000px) 54vw, (max-width: 1071px) 543px, 580px\" \/><\/figure>\n\n\n\n<figure class=\"wp-block-gallery columns-3 is-cropped wp-block-gallery-1 is-layout-flex wp-block-gallery-is-layout-flex\"><ul class=\"blocks-gallery-grid\"><li class=\"blocks-gallery-item\"><figure><img loading=\"lazy\" decoding=\"async\" width=\"1024\" height=\"682\" src=\"https:\/\/emiliechaumet-textile.fr\/wp-content\/uploads\/2021\/08\/DSC0884-1024x682.jpg\" alt=\"\" data-id=\"116\" data-full-url=\"https:\/\/emiliechaumet-textile.fr\/wp-content\/uploads\/2021\/08\/DSC0884.jpg\" data-link=\"https:\/\/emiliechaumet-textile.fr\/?attachment_id=116\" class=\"wp-image-116\" srcset=\"https:\/\/emiliechaumet-textile.fr\/wp-content\/uploads\/2021\/08\/DSC0884-1024x682.jpg 1024w, https:\/\/emiliechaumet-textile.fr\/wp-content\/uploads\/2021\/08\/DSC0884-300x200.jpg 300w, https:\/\/emiliechaumet-textile.fr\/wp-content\/uploads\/2021\/08\/DSC0884-768x512.jpg 768w, https:\/\/emiliechaumet-textile.fr\/wp-content\/uploads\/2021\/08\/DSC0884-1536x1024.jpg 1536w, https:\/\/emiliechaumet-textile.fr\/wp-content\/uploads\/2021\/08\/DSC0884.jpg 2000w\" sizes=\"(max-width: 767px) 89vw, (max-width: 1000px) 54vw, (max-width: 1071px) 543px, 580px\" \/><\/figure><\/li><li class=\"blocks-gallery-item\"><figure><img loading=\"lazy\" decoding=\"async\" width=\"1024\" height=\"682\" src=\"https:\/\/emiliechaumet-textile.fr\/wp-content\/uploads\/2021\/08\/DSC0898-1024x682.jpg\" alt=\"\" data-id=\"117\" data-full-url=\"https:\/\/emiliechaumet-textile.fr\/wp-content\/uploads\/2021\/08\/DSC0898.jpg\" data-link=\"https:\/\/emiliechaumet-textile.fr\/?attachment_id=117\" class=\"wp-image-117\" srcset=\"https:\/\/emiliechaumet-textile.fr\/wp-content\/uploads\/2021\/08\/DSC0898-1024x682.jpg 1024w, https:\/\/emiliechaumet-textile.fr\/wp-content\/uploads\/2021\/08\/DSC0898-300x200.jpg 300w, https:\/\/emiliechaumet-textile.fr\/wp-content\/uploads\/2021\/08\/DSC0898-768x512.jpg 768w, https:\/\/emiliechaumet-textile.fr\/wp-content\/uploads\/2021\/08\/DSC0898-1536x1024.jpg 1536w, https:\/\/emiliechaumet-textile.fr\/wp-content\/uploads\/2021\/08\/DSC0898.jpg 2000w\" sizes=\"(max-width: 767px) 89vw, (max-width: 1000px) 54vw, (max-width: 1071px) 543px, 580px\" \/><\/figure><\/li><li class=\"blocks-gallery-item\"><figure><img loading=\"lazy\" decoding=\"async\" width=\"1024\" height=\"682\" src=\"https:\/\/emiliechaumet-textile.fr\/wp-content\/uploads\/2021\/08\/DSC0905-1024x682.jpg\" alt=\"\" data-id=\"118\" data-full-url=\"https:\/\/emiliechaumet-textile.fr\/wp-content\/uploads\/2021\/08\/DSC0905.jpg\" data-link=\"https:\/\/emiliechaumet-textile.fr\/?attachment_id=118\" class=\"wp-image-118\" srcset=\"https:\/\/emiliechaumet-textile.fr\/wp-content\/uploads\/2021\/08\/DSC0905-1024x682.jpg 1024w, https:\/\/emiliechaumet-textile.fr\/wp-content\/uploads\/2021\/08\/DSC0905-300x200.jpg 300w, https:\/\/emiliechaumet-textile.fr\/wp-content\/uploads\/2021\/08\/DSC0905-768x512.jpg 768w, https:\/\/emiliechaumet-textile.fr\/wp-content\/uploads\/2021\/08\/DSC0905-1536x1024.jpg 1536w, https:\/\/emiliechaumet-textile.fr\/wp-content\/uploads\/2021\/08\/DSC0905.jpg 2000w\" sizes=\"(max-width: 767px) 89vw, (max-width: 1000px) 54vw, (max-width: 1071px) 543px, 580px\" \/><\/figure><\/li><li class=\"blocks-gallery-item\"><figure><img loading=\"lazy\" decoding=\"async\" width=\"1024\" height=\"682\" src=\"https:\/\/emiliechaumet-textile.fr\/wp-content\/uploads\/2021\/08\/DSC0922-1024x682.jpg\" alt=\"\" data-id=\"119\" data-full-url=\"https:\/\/emiliechaumet-textile.fr\/wp-content\/uploads\/2021\/08\/DSC0922.jpg\" data-link=\"https:\/\/emiliechaumet-textile.fr\/?attachment_id=119\" class=\"wp-image-119\" srcset=\"https:\/\/emiliechaumet-textile.fr\/wp-content\/uploads\/2021\/08\/DSC0922-1024x682.jpg 1024w, https:\/\/emiliechaumet-textile.fr\/wp-content\/uploads\/2021\/08\/DSC0922-300x200.jpg 300w, https:\/\/emiliechaumet-textile.fr\/wp-content\/uploads\/2021\/08\/DSC0922-768x512.jpg 768w, https:\/\/emiliechaumet-textile.fr\/wp-content\/uploads\/2021\/08\/DSC0922-1536x1024.jpg 1536w, https:\/\/emiliechaumet-textile.fr\/wp-content\/uploads\/2021\/08\/DSC0922.jpg 2000w\" sizes=\"(max-width: 767px) 89vw, (max-width: 1000px) 54vw, (max-width: 1071px) 543px, 580px\" \/><\/figure><\/li><li class=\"blocks-gallery-item\"><figure><img loading=\"lazy\" decoding=\"async\" width=\"1024\" height=\"682\" src=\"https:\/\/emiliechaumet-textile.fr\/wp-content\/uploads\/2021\/08\/DSC0927-1024x682.jpg\" alt=\"\" data-id=\"120\" data-full-url=\"https:\/\/emiliechaumet-textile.fr\/wp-content\/uploads\/2021\/08\/DSC0927.jpg\" data-link=\"https:\/\/emiliechaumet-textile.fr\/?attachment_id=120\" class=\"wp-image-120\" srcset=\"https:\/\/emiliechaumet-textile.fr\/wp-content\/uploads\/2021\/08\/DSC0927-1024x682.jpg 1024w, https:\/\/emiliechaumet-textile.fr\/wp-content\/uploads\/2021\/08\/DSC0927-300x200.jpg 300w, https:\/\/emiliechaumet-textile.fr\/wp-content\/uploads\/2021\/08\/DSC0927-768x512.jpg 768w, https:\/\/emiliechaumet-textile.fr\/wp-content\/uploads\/2021\/08\/DSC0927-1536x1024.jpg 1536w, https:\/\/emiliechaumet-textile.fr\/wp-content\/uploads\/2021\/08\/DSC0927.jpg 2000w\" sizes=\"(max-width: 767px) 89vw, (max-width: 1000px) 54vw, (max-width: 1071px) 543px, 580px\" \/><\/figure><\/li><li class=\"blocks-gallery-item\"><figure><img loading=\"lazy\" decoding=\"async\" width=\"1024\" height=\"682\" src=\"https:\/\/emiliechaumet-textile.fr\/wp-content\/uploads\/2021\/08\/DSC0939-1024x682.jpg\" alt=\"\" data-id=\"121\" data-full-url=\"https:\/\/emiliechaumet-textile.fr\/wp-content\/uploads\/2021\/08\/DSC0939.jpg\" data-link=\"https:\/\/emiliechaumet-textile.fr\/?attachment_id=121\" class=\"wp-image-121\" srcset=\"https:\/\/emiliechaumet-textile.fr\/wp-content\/uploads\/2021\/08\/DSC0939-1024x682.jpg 1024w, https:\/\/emiliechaumet-textile.fr\/wp-content\/uploads\/2021\/08\/DSC0939-300x200.jpg 300w, https:\/\/emiliechaumet-textile.fr\/wp-content\/uploads\/2021\/08\/DSC0939-768x512.jpg 768w, https:\/\/emiliechaumet-textile.fr\/wp-content\/uploads\/2021\/08\/DSC0939-1536x1024.jpg 1536w, https:\/\/emiliechaumet-textile.fr\/wp-content\/uploads\/2021\/08\/DSC0939.jpg 2000w\" sizes=\"(max-width: 767px) 89vw, (max-width: 1000px) 54vw, (max-width: 1071px) 543px, 580px\" \/><\/figure><\/li><\/ul><\/figure>\n\n\n\n<blockquote class=\"wp-block-quote\"><p>Installation, Divers textiles, Volumes de 30 cm \u00e0 180 cm de diam\u00e8tre, 2017-2018<\/p><\/blockquote>\n\n\n\n<p>The Rings, Landscape est une s\u00e9rie d&rsquo;anneaux \u00e0 associer, empiler, \u00e9parpiller, pour former un paysage imaginaire. Rappelant les reliefs g\u00e9ographiques, ils invitent au voyage. Les anneaux existent en divers coloris par s\u00e9rie de taille croissante et offrent de multiples combinaisons, du d\u00f4me ordonn\u00e9 au paysage chaotique. The Rings, Landscape envahit l\u2019espace et cr\u00e9\u00e9 un \u00ab terrain sculpt\u00e9 \u00bb sans limite ni contour qui questionne gr\u00e2ce aux scenarii propos\u00e9s, le rapport que l&rsquo;homme entretient avec la nature.<\/p>\n","protected":false},"excerpt":{"rendered":"<p>Installation, Divers textiles, Volumes de 30 cm \u00e0 180 cm de diam\u00e8tre, 2017-2018 The Rings, Landscape est une s\u00e9rie d&rsquo;anneaux \u00e0 associer, empiler, \u00e9parpiller, pour former un paysage imaginaire. Rappelant les reliefs g\u00e9ographiques, ils invitent au voyage. Les anneaux existent en divers coloris par s\u00e9rie de taille croissante et offrent de multiples combinaisons, du d\u00f4me &hellip; <\/p>\n<p class=\"link-more\"><a href=\"https:\/\/emiliechaumet-textile.fr\/?page_id=114\" class=\"more-link\">Continuer la lecture<span class=\"screen-reader-text\"> de &laquo;&nbsp;The Rings, Landscape&nbsp;&raquo;<\/span><\/a><\/p>\n","protected":false},"author":1,"featured_media":0,"parent":0,"menu_order":0,"comment_status":"closed","ping_status":"closed","template":"","meta":{"footnotes":""},"_links":{"self":[{"href":"https:\/\/emiliechaumet-textile.fr\/index.php?rest_route=\/wp\/v2\/pages\/114"}],"collection":[{"href":"https:\/\/emiliechaumet-textile.fr\/index.php?rest_route=\/wp\/v2\/pages"}],"about":[{"href":"https:\/\/emiliechaumet-textile.fr\/index.php?rest_route=\/wp\/v2\/types\/page"}],"author":[{"embeddable":true,"href":"https:\/\/emiliechaumet-textile.fr\/index.php?rest_route=\/wp\/v2\/users\/1"}],"replies":[{"embeddable":true,"href":"https:\/\/emiliechaumet-textile.fr\/index.php?rest_route=%2Fwp%2Fv2%2Fcomments&post=114"}],"version-history":[{"count":4,"href":"https:\/\/emiliechaumet-textile.fr\/index.php?rest_route=\/wp\/v2\/pages\/114\/revisions"}],"predecessor-version":[{"id":224,"href":"https:\/\/emiliechaumet-textile.fr\/index.php?rest_route=\/wp\/v2\/pages\/114\/revisions\/224"}],"wp:attachment":[{"href":"https:\/\/emiliechaumet-textile.fr\/index.php?rest_route=%2Fwp%2Fv2%2Fmedia&parent=114"}],"curies":[{"name":"wp","href":"https:\/\/api.w.org\/{rel}","templated":true}]}}