{"id":14,"date":"2021-08-19T23:31:19","date_gmt":"2021-08-19T21:31:19","guid":{"rendered":"http:\/\/emiliechaumet-textile.fr\/?page_id=14"},"modified":"2022-01-10T11:21:07","modified_gmt":"2022-01-10T10:21:07","slug":"accueil","status":"publish","type":"page","link":"https:\/\/emiliechaumet-textile.fr\/?page_id=14","title":{"rendered":"Biographie"},"content":{"rendered":"\n<div class=\"wp-block-image\"><figure class=\"aligncenter is-resized\"><img loading=\"lazy\" decoding=\"async\" src=\"https:\/\/emiliechaumet-textile.fr\/wp-content\/uploads\/2021\/09\/photo-portrait-768x1024.jpg\" alt=\"\" class=\"wp-image-228\" width=\"384\" height=\"512\" srcset=\"https:\/\/emiliechaumet-textile.fr\/wp-content\/uploads\/2021\/09\/photo-portrait-768x1024.jpg 768w, https:\/\/emiliechaumet-textile.fr\/wp-content\/uploads\/2021\/09\/photo-portrait-225x300.jpg 225w, https:\/\/emiliechaumet-textile.fr\/wp-content\/uploads\/2021\/09\/photo-portrait-1152x1536.jpg 1152w, https:\/\/emiliechaumet-textile.fr\/wp-content\/uploads\/2021\/09\/photo-portrait-1536x2048.jpg 1536w, https:\/\/emiliechaumet-textile.fr\/wp-content\/uploads\/2021\/09\/photo-portrait-scaled.jpg 1920w\" sizes=\"(max-width: 384px) 100vw, 384px\" \/><\/figure><\/div>\n\n\n\n<p>Emilie Chaumet est une artiste Grenobloise travaillant le textile. Ancr\u00e9e dans un h\u00e9ritage familial, l&rsquo;appropriation de ce mat\u00e9riau lui permet de se situer, d&rsquo;occuper une place dans le monde et de cristalliser ce qui la touche . Elle aime \u00abraconter des histoires, cr\u00e9er des \u00e9motions avec le textile, proposer des formes et des images telles des plaques sensibles et po\u00e9tiques\u00bb.<\/p>\n\n\n\n<p>Issue d&rsquo;une formation aux Beaux-Arts de Tours (France)-(Licence et Master), elle a mis en place un langage plastique singulier. Que ce soit en vidant les objets\/sculptures de leur consistance ou en proposant des sc\u00e9narios de transformations-mutations, les \u0153uvres d&rsquo;Emilie Chaumet deviennent autre chose&#8230; \u00ab Paysages imaginaires \u00bb sans contours ni limites, broderies ou sculptures aux formes d\u00e9finies, contenues, et aux motifs plus libres, spontan\u00e9s; ses oeuvres interrogent les relations-tensions-connexions que l&rsquo;homme entretient avec son environnement. La nature, que ce soit sous forme animale, humaine ou v\u00e9g\u00e9tale, est omnipr\u00e9sente, stylis\u00e9e, souvent po\u00e9tique, \u00e0 chaque fois prolif\u00e9rante comme pour s&rsquo;extraire, s&rsquo;\u00e9chapper, se r\u00e9inventer&#8230;<\/p>\n","protected":false},"excerpt":{"rendered":"<p>Emilie Chaumet est une artiste Grenobloise travaillant le textile. Ancr\u00e9e dans un h\u00e9ritage familial, l&rsquo;appropriation de ce mat\u00e9riau lui permet de se situer, d&rsquo;occuper une place dans le monde et de cristalliser ce qui la touche . Elle aime \u00abraconter des histoires, cr\u00e9er des \u00e9motions avec le textile, proposer des formes et des images telles &hellip; <\/p>\n<p class=\"link-more\"><a href=\"https:\/\/emiliechaumet-textile.fr\/?page_id=14\" class=\"more-link\">Continuer la lecture<span class=\"screen-reader-text\"> de &laquo;&nbsp;Biographie&nbsp;&raquo;<\/span><\/a><\/p>\n","protected":false},"author":1,"featured_media":0,"parent":0,"menu_order":0,"comment_status":"closed","ping_status":"closed","template":"","meta":{"footnotes":""},"_links":{"self":[{"href":"https:\/\/emiliechaumet-textile.fr\/index.php?rest_route=\/wp\/v2\/pages\/14"}],"collection":[{"href":"https:\/\/emiliechaumet-textile.fr\/index.php?rest_route=\/wp\/v2\/pages"}],"about":[{"href":"https:\/\/emiliechaumet-textile.fr\/index.php?rest_route=\/wp\/v2\/types\/page"}],"author":[{"embeddable":true,"href":"https:\/\/emiliechaumet-textile.fr\/index.php?rest_route=\/wp\/v2\/users\/1"}],"replies":[{"embeddable":true,"href":"https:\/\/emiliechaumet-textile.fr\/index.php?rest_route=%2Fwp%2Fv2%2Fcomments&post=14"}],"version-history":[{"count":6,"href":"https:\/\/emiliechaumet-textile.fr\/index.php?rest_route=\/wp\/v2\/pages\/14\/revisions"}],"predecessor-version":[{"id":243,"href":"https:\/\/emiliechaumet-textile.fr\/index.php?rest_route=\/wp\/v2\/pages\/14\/revisions\/243"}],"wp:attachment":[{"href":"https:\/\/emiliechaumet-textile.fr\/index.php?rest_route=%2Fwp%2Fv2%2Fmedia&parent=14"}],"curies":[{"name":"wp","href":"https:\/\/api.w.org\/{rel}","templated":true}]}}