{"id":231,"date":"2021-09-08T21:52:21","date_gmt":"2021-09-08T19:52:21","guid":{"rendered":"http:\/\/emiliechaumet-textile.fr\/?page_id=231"},"modified":"2022-01-10T14:51:40","modified_gmt":"2022-01-10T13:51:40","slug":"plaques-sensibles","status":"publish","type":"page","link":"https:\/\/emiliechaumet-textile.fr\/?page_id=231","title":{"rendered":"Plaques sensibles"},"content":{"rendered":"\n<figure class=\"wp-block-gallery columns-2 is-cropped wp-block-gallery-1 is-layout-flex wp-block-gallery-is-layout-flex\"><ul class=\"blocks-gallery-grid\"><li class=\"blocks-gallery-item\"><figure><img loading=\"lazy\" decoding=\"async\" width=\"683\" height=\"1024\" src=\"https:\/\/emiliechaumet-textile.fr\/wp-content\/uploads\/2022\/01\/6P5A0909-683x1024.jpg\" alt=\"\" data-id=\"299\" data-full-url=\"https:\/\/emiliechaumet-textile.fr\/wp-content\/uploads\/2022\/01\/6P5A0909-scaled.jpg\" data-link=\"https:\/\/emiliechaumet-textile.fr\/?attachment_id=299\" class=\"wp-image-299\" srcset=\"https:\/\/emiliechaumet-textile.fr\/wp-content\/uploads\/2022\/01\/6P5A0909-683x1024.jpg 683w, https:\/\/emiliechaumet-textile.fr\/wp-content\/uploads\/2022\/01\/6P5A0909-200x300.jpg 200w, https:\/\/emiliechaumet-textile.fr\/wp-content\/uploads\/2022\/01\/6P5A0909-768x1152.jpg 768w, https:\/\/emiliechaumet-textile.fr\/wp-content\/uploads\/2022\/01\/6P5A0909-1024x1536.jpg 1024w, https:\/\/emiliechaumet-textile.fr\/wp-content\/uploads\/2022\/01\/6P5A0909-1365x2048.jpg 1365w, https:\/\/emiliechaumet-textile.fr\/wp-content\/uploads\/2022\/01\/6P5A0909-scaled.jpg 1707w\" sizes=\"(max-width: 683px) 100vw, 683px\" \/><\/figure><\/li><li class=\"blocks-gallery-item\"><figure><img loading=\"lazy\" decoding=\"async\" width=\"683\" height=\"1024\" src=\"https:\/\/emiliechaumet-textile.fr\/wp-content\/uploads\/2022\/01\/6P5A0890-683x1024.jpg\" alt=\"\" data-id=\"290\" data-full-url=\"https:\/\/emiliechaumet-textile.fr\/wp-content\/uploads\/2022\/01\/6P5A0890-scaled.jpg\" data-link=\"https:\/\/emiliechaumet-textile.fr\/?attachment_id=290\" class=\"wp-image-290\" srcset=\"https:\/\/emiliechaumet-textile.fr\/wp-content\/uploads\/2022\/01\/6P5A0890-683x1024.jpg 683w, https:\/\/emiliechaumet-textile.fr\/wp-content\/uploads\/2022\/01\/6P5A0890-200x300.jpg 200w, https:\/\/emiliechaumet-textile.fr\/wp-content\/uploads\/2022\/01\/6P5A0890-768x1152.jpg 768w, https:\/\/emiliechaumet-textile.fr\/wp-content\/uploads\/2022\/01\/6P5A0890-1024x1536.jpg 1024w, https:\/\/emiliechaumet-textile.fr\/wp-content\/uploads\/2022\/01\/6P5A0890-1365x2048.jpg 1365w, https:\/\/emiliechaumet-textile.fr\/wp-content\/uploads\/2022\/01\/6P5A0890-scaled.jpg 1707w\" sizes=\"(max-width: 683px) 100vw, 683px\" \/><\/figure><\/li><\/ul><\/figure>\n\n\n\n<figure class=\"wp-block-gallery columns-2 is-cropped wp-block-gallery-2 is-layout-flex wp-block-gallery-is-layout-flex\"><ul class=\"blocks-gallery-grid\"><li class=\"blocks-gallery-item\"><figure><img loading=\"lazy\" decoding=\"async\" width=\"683\" height=\"1024\" src=\"https:\/\/emiliechaumet-textile.fr\/wp-content\/uploads\/2022\/01\/6P5A0965-683x1024.jpg\" alt=\"\" data-id=\"307\" data-full-url=\"https:\/\/emiliechaumet-textile.fr\/wp-content\/uploads\/2022\/01\/6P5A0965-scaled.jpg\" data-link=\"https:\/\/emiliechaumet-textile.fr\/?attachment_id=307\" class=\"wp-image-307\" srcset=\"https:\/\/emiliechaumet-textile.fr\/wp-content\/uploads\/2022\/01\/6P5A0965-683x1024.jpg 683w, https:\/\/emiliechaumet-textile.fr\/wp-content\/uploads\/2022\/01\/6P5A0965-200x300.jpg 200w, https:\/\/emiliechaumet-textile.fr\/wp-content\/uploads\/2022\/01\/6P5A0965-768x1152.jpg 768w, https:\/\/emiliechaumet-textile.fr\/wp-content\/uploads\/2022\/01\/6P5A0965-1024x1536.jpg 1024w, https:\/\/emiliechaumet-textile.fr\/wp-content\/uploads\/2022\/01\/6P5A0965-1365x2048.jpg 1365w, https:\/\/emiliechaumet-textile.fr\/wp-content\/uploads\/2022\/01\/6P5A0965-scaled.jpg 1707w\" sizes=\"(max-width: 683px) 100vw, 683px\" \/><\/figure><\/li><li class=\"blocks-gallery-item\"><figure><img loading=\"lazy\" decoding=\"async\" width=\"683\" height=\"1024\" src=\"https:\/\/emiliechaumet-textile.fr\/wp-content\/uploads\/2022\/01\/6P5A0921-683x1024.jpg\" alt=\"\" data-id=\"302\" data-full-url=\"https:\/\/emiliechaumet-textile.fr\/wp-content\/uploads\/2022\/01\/6P5A0921-scaled.jpg\" data-link=\"https:\/\/emiliechaumet-textile.fr\/?attachment_id=302\" class=\"wp-image-302\" srcset=\"https:\/\/emiliechaumet-textile.fr\/wp-content\/uploads\/2022\/01\/6P5A0921-683x1024.jpg 683w, https:\/\/emiliechaumet-textile.fr\/wp-content\/uploads\/2022\/01\/6P5A0921-200x300.jpg 200w, https:\/\/emiliechaumet-textile.fr\/wp-content\/uploads\/2022\/01\/6P5A0921-768x1152.jpg 768w, https:\/\/emiliechaumet-textile.fr\/wp-content\/uploads\/2022\/01\/6P5A0921-1024x1536.jpg 1024w, https:\/\/emiliechaumet-textile.fr\/wp-content\/uploads\/2022\/01\/6P5A0921-1365x2048.jpg 1365w, https:\/\/emiliechaumet-textile.fr\/wp-content\/uploads\/2022\/01\/6P5A0921-scaled.jpg 1707w\" sizes=\"(max-width: 683px) 100vw, 683px\" \/><\/figure><\/li><\/ul><\/figure>\n\n\n\n<figure class=\"wp-block-gallery columns-2 is-cropped wp-block-gallery-3 is-layout-flex wp-block-gallery-is-layout-flex\"><ul class=\"blocks-gallery-grid\"><li class=\"blocks-gallery-item\"><figure><img loading=\"lazy\" decoding=\"async\" width=\"683\" height=\"1024\" src=\"https:\/\/emiliechaumet-textile.fr\/wp-content\/uploads\/2022\/01\/6P5A0889-683x1024.jpg\" alt=\"\" data-id=\"284\" data-full-url=\"https:\/\/emiliechaumet-textile.fr\/wp-content\/uploads\/2022\/01\/6P5A0889-scaled.jpg\" data-link=\"https:\/\/emiliechaumet-textile.fr\/?attachment_id=284\" class=\"wp-image-284\" srcset=\"https:\/\/emiliechaumet-textile.fr\/wp-content\/uploads\/2022\/01\/6P5A0889-683x1024.jpg 683w, https:\/\/emiliechaumet-textile.fr\/wp-content\/uploads\/2022\/01\/6P5A0889-200x300.jpg 200w, https:\/\/emiliechaumet-textile.fr\/wp-content\/uploads\/2022\/01\/6P5A0889-768x1152.jpg 768w, https:\/\/emiliechaumet-textile.fr\/wp-content\/uploads\/2022\/01\/6P5A0889-1024x1536.jpg 1024w, https:\/\/emiliechaumet-textile.fr\/wp-content\/uploads\/2022\/01\/6P5A0889-1365x2048.jpg 1365w, https:\/\/emiliechaumet-textile.fr\/wp-content\/uploads\/2022\/01\/6P5A0889-scaled.jpg 1707w\" sizes=\"(max-width: 683px) 100vw, 683px\" \/><\/figure><\/li><li class=\"blocks-gallery-item\"><figure><img loading=\"lazy\" decoding=\"async\" width=\"683\" height=\"1024\" src=\"https:\/\/emiliechaumet-textile.fr\/wp-content\/uploads\/2022\/01\/6P5A0907-683x1024.jpg\" alt=\"\" data-id=\"297\" data-full-url=\"https:\/\/emiliechaumet-textile.fr\/wp-content\/uploads\/2022\/01\/6P5A0907-scaled.jpg\" data-link=\"https:\/\/emiliechaumet-textile.fr\/?attachment_id=297\" class=\"wp-image-297\" srcset=\"https:\/\/emiliechaumet-textile.fr\/wp-content\/uploads\/2022\/01\/6P5A0907-683x1024.jpg 683w, https:\/\/emiliechaumet-textile.fr\/wp-content\/uploads\/2022\/01\/6P5A0907-200x300.jpg 200w, https:\/\/emiliechaumet-textile.fr\/wp-content\/uploads\/2022\/01\/6P5A0907-768x1152.jpg 768w, https:\/\/emiliechaumet-textile.fr\/wp-content\/uploads\/2022\/01\/6P5A0907-1024x1536.jpg 1024w, https:\/\/emiliechaumet-textile.fr\/wp-content\/uploads\/2022\/01\/6P5A0907-1365x2048.jpg 1365w, https:\/\/emiliechaumet-textile.fr\/wp-content\/uploads\/2022\/01\/6P5A0907-scaled.jpg 1707w\" sizes=\"(max-width: 683px) 100vw, 683px\" \/><\/figure><\/li><\/ul><\/figure>\n\n\n\n<figure class=\"wp-block-gallery columns-3 is-cropped wp-block-gallery-4 is-layout-flex wp-block-gallery-is-layout-flex\"><ul class=\"blocks-gallery-grid\"><li class=\"blocks-gallery-item\"><figure><img loading=\"lazy\" decoding=\"async\" width=\"683\" height=\"1024\" src=\"https:\/\/emiliechaumet-textile.fr\/wp-content\/uploads\/2022\/01\/6P5A0914-683x1024.jpg\" alt=\"\" data-id=\"300\" data-full-url=\"https:\/\/emiliechaumet-textile.fr\/wp-content\/uploads\/2022\/01\/6P5A0914-scaled.jpg\" data-link=\"https:\/\/emiliechaumet-textile.fr\/?attachment_id=300\" class=\"wp-image-300\" srcset=\"https:\/\/emiliechaumet-textile.fr\/wp-content\/uploads\/2022\/01\/6P5A0914-683x1024.jpg 683w, https:\/\/emiliechaumet-textile.fr\/wp-content\/uploads\/2022\/01\/6P5A0914-200x300.jpg 200w, https:\/\/emiliechaumet-textile.fr\/wp-content\/uploads\/2022\/01\/6P5A0914-768x1152.jpg 768w, https:\/\/emiliechaumet-textile.fr\/wp-content\/uploads\/2022\/01\/6P5A0914-1024x1536.jpg 1024w, https:\/\/emiliechaumet-textile.fr\/wp-content\/uploads\/2022\/01\/6P5A0914-1365x2048.jpg 1365w, https:\/\/emiliechaumet-textile.fr\/wp-content\/uploads\/2022\/01\/6P5A0914-scaled.jpg 1707w\" sizes=\"(max-width: 683px) 100vw, 683px\" \/><\/figure><\/li><li class=\"blocks-gallery-item\"><figure><img loading=\"lazy\" decoding=\"async\" width=\"683\" height=\"1024\" src=\"https:\/\/emiliechaumet-textile.fr\/wp-content\/uploads\/2022\/01\/6P5A1045-683x1024.jpg\" alt=\"\" data-id=\"311\" data-full-url=\"https:\/\/emiliechaumet-textile.fr\/wp-content\/uploads\/2022\/01\/6P5A1045-scaled.jpg\" data-link=\"https:\/\/emiliechaumet-textile.fr\/?attachment_id=311\" class=\"wp-image-311\" srcset=\"https:\/\/emiliechaumet-textile.fr\/wp-content\/uploads\/2022\/01\/6P5A1045-683x1024.jpg 683w, https:\/\/emiliechaumet-textile.fr\/wp-content\/uploads\/2022\/01\/6P5A1045-200x300.jpg 200w, https:\/\/emiliechaumet-textile.fr\/wp-content\/uploads\/2022\/01\/6P5A1045-768x1152.jpg 768w, https:\/\/emiliechaumet-textile.fr\/wp-content\/uploads\/2022\/01\/6P5A1045-1024x1536.jpg 1024w, https:\/\/emiliechaumet-textile.fr\/wp-content\/uploads\/2022\/01\/6P5A1045-1365x2048.jpg 1365w, https:\/\/emiliechaumet-textile.fr\/wp-content\/uploads\/2022\/01\/6P5A1045-scaled.jpg 1707w\" sizes=\"(max-width: 683px) 100vw, 683px\" \/><\/figure><\/li><li class=\"blocks-gallery-item\"><figure><img loading=\"lazy\" decoding=\"async\" width=\"683\" height=\"1024\" src=\"https:\/\/emiliechaumet-textile.fr\/wp-content\/uploads\/2022\/01\/6P5A0931-683x1024.jpg\" alt=\"\" data-id=\"304\" data-full-url=\"https:\/\/emiliechaumet-textile.fr\/wp-content\/uploads\/2022\/01\/6P5A0931-scaled.jpg\" data-link=\"https:\/\/emiliechaumet-textile.fr\/?attachment_id=304\" class=\"wp-image-304\" srcset=\"https:\/\/emiliechaumet-textile.fr\/wp-content\/uploads\/2022\/01\/6P5A0931-683x1024.jpg 683w, https:\/\/emiliechaumet-textile.fr\/wp-content\/uploads\/2022\/01\/6P5A0931-200x300.jpg 200w, https:\/\/emiliechaumet-textile.fr\/wp-content\/uploads\/2022\/01\/6P5A0931-768x1152.jpg 768w, https:\/\/emiliechaumet-textile.fr\/wp-content\/uploads\/2022\/01\/6P5A0931-1024x1536.jpg 1024w, https:\/\/emiliechaumet-textile.fr\/wp-content\/uploads\/2022\/01\/6P5A0931-1365x2048.jpg 1365w, https:\/\/emiliechaumet-textile.fr\/wp-content\/uploads\/2022\/01\/6P5A0931-scaled.jpg 1707w\" sizes=\"(max-width: 683px) 100vw, 683px\" \/><\/figure><\/li><li class=\"blocks-gallery-item\"><figure><img loading=\"lazy\" decoding=\"async\" width=\"683\" height=\"1024\" src=\"https:\/\/emiliechaumet-textile.fr\/wp-content\/uploads\/2022\/01\/6P5A0971-683x1024.jpg\" alt=\"\" data-id=\"309\" data-full-url=\"https:\/\/emiliechaumet-textile.fr\/wp-content\/uploads\/2022\/01\/6P5A0971-scaled.jpg\" data-link=\"https:\/\/emiliechaumet-textile.fr\/?attachment_id=309\" class=\"wp-image-309\" srcset=\"https:\/\/emiliechaumet-textile.fr\/wp-content\/uploads\/2022\/01\/6P5A0971-683x1024.jpg 683w, https:\/\/emiliechaumet-textile.fr\/wp-content\/uploads\/2022\/01\/6P5A0971-200x300.jpg 200w, https:\/\/emiliechaumet-textile.fr\/wp-content\/uploads\/2022\/01\/6P5A0971-768x1152.jpg 768w, https:\/\/emiliechaumet-textile.fr\/wp-content\/uploads\/2022\/01\/6P5A0971-1024x1536.jpg 1024w, https:\/\/emiliechaumet-textile.fr\/wp-content\/uploads\/2022\/01\/6P5A0971-1365x2048.jpg 1365w, https:\/\/emiliechaumet-textile.fr\/wp-content\/uploads\/2022\/01\/6P5A0971-scaled.jpg 1707w\" sizes=\"(max-width: 683px) 100vw, 683px\" \/><\/figure><\/li><li class=\"blocks-gallery-item\"><figure><img loading=\"lazy\" decoding=\"async\" width=\"683\" height=\"1024\" src=\"https:\/\/emiliechaumet-textile.fr\/wp-content\/uploads\/2022\/01\/6P5A0960-683x1024.jpg\" alt=\"\" data-id=\"306\" data-full-url=\"https:\/\/emiliechaumet-textile.fr\/wp-content\/uploads\/2022\/01\/6P5A0960-scaled.jpg\" data-link=\"https:\/\/emiliechaumet-textile.fr\/?attachment_id=306\" class=\"wp-image-306\" srcset=\"https:\/\/emiliechaumet-textile.fr\/wp-content\/uploads\/2022\/01\/6P5A0960-683x1024.jpg 683w, https:\/\/emiliechaumet-textile.fr\/wp-content\/uploads\/2022\/01\/6P5A0960-200x300.jpg 200w, https:\/\/emiliechaumet-textile.fr\/wp-content\/uploads\/2022\/01\/6P5A0960-768x1152.jpg 768w, https:\/\/emiliechaumet-textile.fr\/wp-content\/uploads\/2022\/01\/6P5A0960-1024x1536.jpg 1024w, https:\/\/emiliechaumet-textile.fr\/wp-content\/uploads\/2022\/01\/6P5A0960-1365x2048.jpg 1365w, https:\/\/emiliechaumet-textile.fr\/wp-content\/uploads\/2022\/01\/6P5A0960-scaled.jpg 1707w\" sizes=\"(max-width: 683px) 100vw, 683px\" \/><\/figure><\/li><li class=\"blocks-gallery-item\"><figure><img loading=\"lazy\" decoding=\"async\" width=\"683\" height=\"1024\" src=\"https:\/\/emiliechaumet-textile.fr\/wp-content\/uploads\/2022\/01\/6P5A1091-683x1024.jpg\" alt=\"\" data-id=\"312\" data-full-url=\"https:\/\/emiliechaumet-textile.fr\/wp-content\/uploads\/2022\/01\/6P5A1091-scaled.jpg\" data-link=\"https:\/\/emiliechaumet-textile.fr\/?attachment_id=312\" class=\"wp-image-312\" srcset=\"https:\/\/emiliechaumet-textile.fr\/wp-content\/uploads\/2022\/01\/6P5A1091-683x1024.jpg 683w, https:\/\/emiliechaumet-textile.fr\/wp-content\/uploads\/2022\/01\/6P5A1091-200x300.jpg 200w, https:\/\/emiliechaumet-textile.fr\/wp-content\/uploads\/2022\/01\/6P5A1091-768x1152.jpg 768w, https:\/\/emiliechaumet-textile.fr\/wp-content\/uploads\/2022\/01\/6P5A1091-1024x1536.jpg 1024w, https:\/\/emiliechaumet-textile.fr\/wp-content\/uploads\/2022\/01\/6P5A1091-1365x2048.jpg 1365w, https:\/\/emiliechaumet-textile.fr\/wp-content\/uploads\/2022\/01\/6P5A1091-scaled.jpg 1707w\" sizes=\"(max-width: 683px) 100vw, 683px\" \/><\/figure><\/li><li class=\"blocks-gallery-item\"><figure><img loading=\"lazy\" decoding=\"async\" width=\"683\" height=\"1024\" src=\"https:\/\/emiliechaumet-textile.fr\/wp-content\/uploads\/2022\/01\/6P5A0896-683x1024.jpg\" alt=\"\" data-id=\"294\" data-full-url=\"https:\/\/emiliechaumet-textile.fr\/wp-content\/uploads\/2022\/01\/6P5A0896-scaled.jpg\" data-link=\"https:\/\/emiliechaumet-textile.fr\/?attachment_id=294\" class=\"wp-image-294\" srcset=\"https:\/\/emiliechaumet-textile.fr\/wp-content\/uploads\/2022\/01\/6P5A0896-683x1024.jpg 683w, https:\/\/emiliechaumet-textile.fr\/wp-content\/uploads\/2022\/01\/6P5A0896-200x300.jpg 200w, https:\/\/emiliechaumet-textile.fr\/wp-content\/uploads\/2022\/01\/6P5A0896-768x1152.jpg 768w, https:\/\/emiliechaumet-textile.fr\/wp-content\/uploads\/2022\/01\/6P5A0896-1024x1536.jpg 1024w, https:\/\/emiliechaumet-textile.fr\/wp-content\/uploads\/2022\/01\/6P5A0896-1365x2048.jpg 1365w, https:\/\/emiliechaumet-textile.fr\/wp-content\/uploads\/2022\/01\/6P5A0896-scaled.jpg 1707w\" sizes=\"(max-width: 683px) 100vw, 683px\" \/><\/figure><\/li><li class=\"blocks-gallery-item\"><figure><img loading=\"lazy\" decoding=\"async\" width=\"683\" height=\"1024\" src=\"https:\/\/emiliechaumet-textile.fr\/wp-content\/uploads\/2022\/01\/6P5A0904-683x1024.jpg\" alt=\"\" data-id=\"295\" data-full-url=\"https:\/\/emiliechaumet-textile.fr\/wp-content\/uploads\/2022\/01\/6P5A0904-scaled.jpg\" data-link=\"https:\/\/emiliechaumet-textile.fr\/?attachment_id=295\" class=\"wp-image-295\" srcset=\"https:\/\/emiliechaumet-textile.fr\/wp-content\/uploads\/2022\/01\/6P5A0904-683x1024.jpg 683w, https:\/\/emiliechaumet-textile.fr\/wp-content\/uploads\/2022\/01\/6P5A0904-200x300.jpg 200w, https:\/\/emiliechaumet-textile.fr\/wp-content\/uploads\/2022\/01\/6P5A0904-768x1152.jpg 768w, https:\/\/emiliechaumet-textile.fr\/wp-content\/uploads\/2022\/01\/6P5A0904-1024x1536.jpg 1024w, https:\/\/emiliechaumet-textile.fr\/wp-content\/uploads\/2022\/01\/6P5A0904-1365x2048.jpg 1365w, https:\/\/emiliechaumet-textile.fr\/wp-content\/uploads\/2022\/01\/6P5A0904-scaled.jpg 1707w\" sizes=\"(max-width: 683px) 100vw, 683px\" \/><\/figure><\/li><\/ul><\/figure>\n\n\n\n<figure class=\"wp-block-image size-large\"><img loading=\"lazy\" decoding=\"async\" width=\"1024\" height=\"683\" src=\"https:\/\/emiliechaumet-textile.fr\/wp-content\/uploads\/2022\/01\/6P5A2943-1024x683.jpg\" alt=\"\" class=\"wp-image-285\" srcset=\"https:\/\/emiliechaumet-textile.fr\/wp-content\/uploads\/2022\/01\/6P5A2943-1024x683.jpg 1024w, https:\/\/emiliechaumet-textile.fr\/wp-content\/uploads\/2022\/01\/6P5A2943-300x200.jpg 300w, https:\/\/emiliechaumet-textile.fr\/wp-content\/uploads\/2022\/01\/6P5A2943-768x512.jpg 768w, https:\/\/emiliechaumet-textile.fr\/wp-content\/uploads\/2022\/01\/6P5A2943-1536x1024.jpg 1536w, https:\/\/emiliechaumet-textile.fr\/wp-content\/uploads\/2022\/01\/6P5A2943-2048x1365.jpg 2048w\" sizes=\"(max-width: 767px) 89vw, (max-width: 1000px) 54vw, (max-width: 1071px) 543px, 580px\" \/><\/figure>\n\n\n\n<p><em>Papier \u00e0 grain, encre noire, 14,8x21cm, 2017 \u00e0 aujourd\u2019hui<\/em><\/p>\n\n\n\n<p>La pratique du dessin est pr\u00e9sente depuis toujours et de plus en plus, elle occupe une place centrale dans ma d\u00e9marche. D\u2019abord comme \u00e9l\u00e9ment de recherche, le dessin est devenu un moyen de \u00ab&nbsp;d\u00e9poser&nbsp;\u00bb les images emmagasin\u00e9es au fil du temps, du parcours, des rencontres, des \u00e9motions\u2026 Ils sont les points de d\u00e9part, de connexions et d\u2019articulations. Trac\u00e9s \u00e0 l\u2019encre noire avec finesse et minutie dans un petit format (A5), ils me renvoient \u00e0 quelque chose de l\u2019ordre de l\u2019intime. C\u2019est un temps \u201csuspendu\u201d dans ma pratique, un temps o\u00f9 les choses s\u2019assemblent, se lib\u00e8rent et sont ensuite prolong\u00e9es en broderie. Pens\u00e9 comme des aller-retours incessants du trait pos\u00e9 sur une feuille blanche aux fils trac\u00e9s sur le tissu, je dessine comme je brode, tel des plaques sensibles<\/p>\n","protected":false},"excerpt":{"rendered":"<p>Papier \u00e0 grain, encre noire, 14,8x21cm, 2017 \u00e0 aujourd\u2019hui La pratique du dessin est pr\u00e9sente depuis toujours et de plus en plus, elle occupe une place centrale dans ma d\u00e9marche. D\u2019abord comme \u00e9l\u00e9ment de recherche, le dessin est devenu un moyen de \u00ab&nbsp;d\u00e9poser&nbsp;\u00bb les images emmagasin\u00e9es au fil du temps, du parcours, des rencontres, des &hellip; <\/p>\n<p class=\"link-more\"><a href=\"https:\/\/emiliechaumet-textile.fr\/?page_id=231\" class=\"more-link\">Continuer la lecture<span class=\"screen-reader-text\"> de &laquo;&nbsp;Plaques sensibles&nbsp;&raquo;<\/span><\/a><\/p>\n","protected":false},"author":1,"featured_media":0,"parent":0,"menu_order":0,"comment_status":"closed","ping_status":"closed","template":"","meta":{"footnotes":""},"_links":{"self":[{"href":"https:\/\/emiliechaumet-textile.fr\/index.php?rest_route=\/wp\/v2\/pages\/231"}],"collection":[{"href":"https:\/\/emiliechaumet-textile.fr\/index.php?rest_route=\/wp\/v2\/pages"}],"about":[{"href":"https:\/\/emiliechaumet-textile.fr\/index.php?rest_route=\/wp\/v2\/types\/page"}],"author":[{"embeddable":true,"href":"https:\/\/emiliechaumet-textile.fr\/index.php?rest_route=\/wp\/v2\/users\/1"}],"replies":[{"embeddable":true,"href":"https:\/\/emiliechaumet-textile.fr\/index.php?rest_route=%2Fwp%2Fv2%2Fcomments&post=231"}],"version-history":[{"count":3,"href":"https:\/\/emiliechaumet-textile.fr\/index.php?rest_route=\/wp\/v2\/pages\/231\/revisions"}],"predecessor-version":[{"id":314,"href":"https:\/\/emiliechaumet-textile.fr\/index.php?rest_route=\/wp\/v2\/pages\/231\/revisions\/314"}],"wp:attachment":[{"href":"https:\/\/emiliechaumet-textile.fr\/index.php?rest_route=%2Fwp%2Fv2%2Fmedia&parent=231"}],"curies":[{"name":"wp","href":"https:\/\/api.w.org\/{rel}","templated":true}]}}