{"id":51,"date":"2021-08-20T00:04:12","date_gmt":"2021-08-19T22:04:12","guid":{"rendered":"http:\/\/emiliechaumet-textile.fr\/?page_id=51"},"modified":"2025-04-24T11:58:49","modified_gmt":"2025-04-24T09:58:49","slug":"fragment-s-2","status":"publish","type":"page","link":"https:\/\/emiliechaumet-textile.fr\/?page_id=51","title":{"rendered":"D\u00e9marche"},"content":{"rendered":"\n<figure class=\"wp-block-gallery has-nested-images columns-default is-cropped wp-block-gallery-1 is-layout-flex wp-block-gallery-is-layout-flex\">\n<figure class=\"wp-block-image size-large\"><img loading=\"lazy\" decoding=\"async\" width=\"1024\" height=\"1024\" data-id=\"202\" src=\"https:\/\/emiliechaumet-textile.fr\/wp-content\/uploads\/2021\/09\/Lagrimas-3-1024x1024.jpg\" alt=\"\" class=\"wp-image-202\" srcset=\"https:\/\/emiliechaumet-textile.fr\/wp-content\/uploads\/2021\/09\/Lagrimas-3-1024x1024.jpg 1024w, https:\/\/emiliechaumet-textile.fr\/wp-content\/uploads\/2021\/09\/Lagrimas-3-300x300.jpg 300w, https:\/\/emiliechaumet-textile.fr\/wp-content\/uploads\/2021\/09\/Lagrimas-3-150x150.jpg 150w, https:\/\/emiliechaumet-textile.fr\/wp-content\/uploads\/2021\/09\/Lagrimas-3-768x768.jpg 768w, https:\/\/emiliechaumet-textile.fr\/wp-content\/uploads\/2021\/09\/Lagrimas-3-1536x1536.jpg 1536w, https:\/\/emiliechaumet-textile.fr\/wp-content\/uploads\/2021\/09\/Lagrimas-3-2048x2048.jpg 2048w, https:\/\/emiliechaumet-textile.fr\/wp-content\/uploads\/2021\/09\/Lagrimas-3-100x100.jpg 100w\" sizes=\"(max-width: 767px) 89vw, (max-width: 1000px) 54vw, (max-width: 1071px) 543px, 580px\" \/><\/figure>\n\n\n\n<figure class=\"wp-block-image size-large\"><img loading=\"lazy\" decoding=\"async\" width=\"1024\" height=\"1024\" data-id=\"41\" src=\"https:\/\/emiliechaumet-textile.fr\/wp-content\/uploads\/2021\/08\/Fragment-s-1024x1024.jpg\" alt=\"\" class=\"wp-image-41\" srcset=\"https:\/\/emiliechaumet-textile.fr\/wp-content\/uploads\/2021\/08\/Fragment-s-1024x1024.jpg 1024w, https:\/\/emiliechaumet-textile.fr\/wp-content\/uploads\/2021\/08\/Fragment-s-300x300.jpg 300w, https:\/\/emiliechaumet-textile.fr\/wp-content\/uploads\/2021\/08\/Fragment-s-150x150.jpg 150w, https:\/\/emiliechaumet-textile.fr\/wp-content\/uploads\/2021\/08\/Fragment-s-768x768.jpg 768w, https:\/\/emiliechaumet-textile.fr\/wp-content\/uploads\/2021\/08\/Fragment-s-1536x1536.jpg 1536w, https:\/\/emiliechaumet-textile.fr\/wp-content\/uploads\/2021\/08\/Fragment-s-2048x2048.jpg 2048w, https:\/\/emiliechaumet-textile.fr\/wp-content\/uploads\/2021\/08\/Fragment-s-100x100.jpg 100w\" sizes=\"(max-width: 767px) 89vw, (max-width: 1000px) 54vw, (max-width: 1071px) 543px, 580px\" \/><\/figure>\n\n\n\n<figure class=\"wp-block-image size-large\"><img loading=\"lazy\" decoding=\"async\" width=\"1024\" height=\"683\" data-id=\"84\" src=\"https:\/\/emiliechaumet-textile.fr\/wp-content\/uploads\/2021\/08\/DSC10132-1024x683.jpg\" alt=\"\" class=\"wp-image-84\" srcset=\"https:\/\/emiliechaumet-textile.fr\/wp-content\/uploads\/2021\/08\/DSC10132-1024x683.jpg 1024w, https:\/\/emiliechaumet-textile.fr\/wp-content\/uploads\/2021\/08\/DSC10132-300x200.jpg 300w, https:\/\/emiliechaumet-textile.fr\/wp-content\/uploads\/2021\/08\/DSC10132-768x512.jpg 768w, https:\/\/emiliechaumet-textile.fr\/wp-content\/uploads\/2021\/08\/DSC10132-1536x1024.jpg 1536w, https:\/\/emiliechaumet-textile.fr\/wp-content\/uploads\/2021\/08\/DSC10132-2048x1366.jpg 2048w\" sizes=\"(max-width: 767px) 89vw, (max-width: 1000px) 54vw, (max-width: 1071px) 543px, 580px\" \/><\/figure>\n<\/figure>\n\n\n\n<p>Depuis mon plus jeune \u00e2ge, je suis entour\u00e9e par le textile. Il m&rsquo;a fallu du temps pour comprendre ce qui me touchait en lui et pour d\u00e9contextualiser le mat\u00e9riau et ses techniques de mon histoire familiale. C\u2019est ainsi que j\u2019ai transpos\u00e9 ces \u00ab travaux d&rsquo;aiguilles \u00bb, historiquement r\u00e9serv\u00e9s aux femmes et \u00e0 un usage domestique, pour l&rsquo;inscrire dans une d\u00e9marche artistique. Aujourd&rsquo;hui, ce travail autour du textile me permet de me situer, de me positionner dans un contexte contemporain, artistique et bien plus intime . C&rsquo;est une fa\u00e7on d&rsquo;occuper une place, c&rsquo;est une mani\u00e8re pour moi d&rsquo;habiter le monde et de cristalliser ce que j&rsquo;avais commenc\u00e9 petite : raconter des histoires, des sayn\u00e8tes, susciter des \u00e9motions.<\/p>\n\n\n\n<p>Les techniques que j&rsquo;utilise : la broderie, la couture, le dessin&#8230; demandent du temps. Dans une \u00e9poque o\u00f9 tout va vite, se bouscule, je prends le contre-pied, je r\u00e9siste ! J&rsquo;aime l&rsquo;id\u00e9e d&rsquo;un temps suspendu o\u00f9 la pens\u00e9e flottante \u00e0 toute sa place. C&rsquo;est un espace o\u00f9 les choses s&rsquo;assemblent, se connectent et le geste est alors lib\u00e9r\u00e9. Broder, coudre, sculpter, dessiner&#8230; <\/p>\n\n\n\n<p>La broderie n&rsquo;est pas venue tout de suite, j&rsquo;ai du aller la chercher, la rencontrer. Je la travaille comme un dessin. Je trace et dessine avec le fil. Envisag\u00e9 comme un parcours, une balade, je propose des formes, des images telles des plaques sensibles et po\u00e9tiques. Jean-Michel Othoniel disait dans une interview que son travail et son m\u00e9dium de pr\u00e9dilection le verre, lui permettaient de \u00ab le garder en alerte pour ne pas tomber dans le d\u00e9coratif, le joli \u00bb. J&rsquo;aime la broderie car elle me soumet ce combat permanent. Il faut sans cesse \u00ab \u00e9couter \u00bb la mati\u00e8re, se laisser surprendre et s&rsquo;ajuster.<\/p>\n","protected":false},"excerpt":{"rendered":"<p>Depuis mon plus jeune \u00e2ge, je suis entour\u00e9e par le textile. Il m&rsquo;a fallu du temps pour comprendre ce qui me touchait en lui et pour d\u00e9contextualiser le mat\u00e9riau et ses techniques de mon histoire familiale. C\u2019est ainsi que j\u2019ai transpos\u00e9 ces \u00ab travaux d&rsquo;aiguilles \u00bb, historiquement r\u00e9serv\u00e9s aux femmes et \u00e0 un usage domestique, &hellip; <\/p>\n<p class=\"link-more\"><a href=\"https:\/\/emiliechaumet-textile.fr\/?page_id=51\" class=\"more-link\">Continuer la lecture<span class=\"screen-reader-text\"> de &laquo;&nbsp;D\u00e9marche&nbsp;&raquo;<\/span><\/a><\/p>\n","protected":false},"author":1,"featured_media":0,"parent":0,"menu_order":0,"comment_status":"closed","ping_status":"closed","template":"","meta":{"footnotes":""},"_links":{"self":[{"href":"https:\/\/emiliechaumet-textile.fr\/index.php?rest_route=\/wp\/v2\/pages\/51"}],"collection":[{"href":"https:\/\/emiliechaumet-textile.fr\/index.php?rest_route=\/wp\/v2\/pages"}],"about":[{"href":"https:\/\/emiliechaumet-textile.fr\/index.php?rest_route=\/wp\/v2\/types\/page"}],"author":[{"embeddable":true,"href":"https:\/\/emiliechaumet-textile.fr\/index.php?rest_route=\/wp\/v2\/users\/1"}],"replies":[{"embeddable":true,"href":"https:\/\/emiliechaumet-textile.fr\/index.php?rest_route=%2Fwp%2Fv2%2Fcomments&post=51"}],"version-history":[{"count":10,"href":"https:\/\/emiliechaumet-textile.fr\/index.php?rest_route=\/wp\/v2\/pages\/51\/revisions"}],"predecessor-version":[{"id":760,"href":"https:\/\/emiliechaumet-textile.fr\/index.php?rest_route=\/wp\/v2\/pages\/51\/revisions\/760"}],"wp:attachment":[{"href":"https:\/\/emiliechaumet-textile.fr\/index.php?rest_route=%2Fwp%2Fv2%2Fmedia&parent=51"}],"curies":[{"name":"wp","href":"https:\/\/api.w.org\/{rel}","templated":true}]}}