{"id":92,"date":"2021-08-20T00:44:35","date_gmt":"2021-08-19T22:44:35","guid":{"rendered":"http:\/\/emiliechaumet-textile.fr\/?page_id=92"},"modified":"2025-04-26T18:52:35","modified_gmt":"2025-04-26T16:52:35","slug":"agenda-expositions-passees","status":"publish","type":"page","link":"https:\/\/emiliechaumet-textile.fr\/?page_id=92","title":{"rendered":"Expositions pass\u00e9es"},"content":{"rendered":"\n<h2 class=\"wp-block-heading\">2025<\/h2>\n\n\n\n<p>16 Avril, Exposition des travaux des \u00e9l\u00e8ves 5\u00e8me, 4\u00e8me, 3\u00e8me, SEGPA, Coll\u00e8ge Edouard Vaillant, L&rsquo;heure Bleue, en partenariat avec le Conservatoire Erik Satie, Saint Martin d&rsquo;H\u00e8res  et le Conservatoire de Grenoble<\/p>\n\n\n\n<p>07 Avril, Quizaine artistique, Exposition des travaux des \u00e9l\u00e8ves 5\u00e8me, 4\u00e8me, 3\u00e8me, SEGPA, Coll\u00e8ge Edouard Vaillant, Conservatoire Erik Satie, Saint Martin d&rsquo;H\u00e8res <\/p>\n\n\n\n<h2 class=\"wp-block-heading\">2024<\/h2>\n\n\n\n<p>Du 04 au 08 D\u00e9cembre 2024, <a href=\"https:\/\/www.salondesbeauxarts.com\">Salon des Beaux-Arts de Paris<\/a>, Exposition Collective au R\u00e9fectoire des Cordeliers, Paris (France)<\/p>\n\n\n\n<p>Du 21 Septembre au 10 Novembre 2024, <a href=\"https:\/\/www.affiches.fr\/loisirs\/a-laffiche\/les-vagues\">\u00ab\u00a0Eau, Aqua, Uj\u00eb. Elle dessine les lignes de nos caresses\u00a0\u00bb<\/a>, Centre culturel Le Belv\u00e9d\u00e8re, Saint Martin d&rsquo;Uriage, France (38)<\/p>\n\n\n\n<p>Du 10 F\u00e9vrier au 31 Mars 2024, <a href=\"https:\/\/lamanufacture-roubaix.com\/programmation\/biennale-objet-textile-4\/\">Objet Textile #4, Monochrome<\/a>, Exposition collective, La Manufacture de Roubaix (France)<\/p>\n\n\n\n<p>Du 10 Janvier au 10 F\u00e9vrier 2024, Multiples 24, Variations, Exposition collective, <a href=\"https:\/\/galerieplacealart.fr\/2017\/05\/artistes-de-s-a-z.html\">Galerie Place \u00e0 l&rsquo;art<\/a>, Voiron (France)<\/p>\n\n\n\n<h2 class=\"wp-block-heading\">2023<\/h2>\n\n\n\n<p>Du 07 Novembre au 02 D\u00e9cembre 2023 &#8211; <a href=\"https:\/\/www.facebook.com\/MediathequeGilbertDalet\/posts\/pfbid02a4hQWq11Bg2BS4SidJmRJ5MM17rGAoNycrQzL7Wz2x5G2pKndtRxmAnR6cTTgWFWl\">L&rsquo;eau va l\u00e0 o\u00f9 elle veut<\/a>, Exposition en duo avec <a href=\"https:\/\/juliettelempereur.fr\/\">Juliette Lempereur,<\/a> Crolles (France)<\/p>\n\n\n\n<p><a href=\"http:\/\/galerie-art-losange.com\/2023\/04\/05\/les-25-ans-du-losange\/\">Du 04 Avril au 03 Juin 2023 &#8211; 150 Artistes exposent, Galerie du Losange, Grenoble (France)<\/a><\/p>\n\n\n\n<p><a href=\"https:\/\/galerieplacealart.fr\/2023\/05\/emilie-chaumet-du-26\/04-au-27\/05\/2023.html\">Du 26 Avril au 27 Mai 2023 &#8211; <em>Quand je ferme les yeux, sans filtre j&rsquo;habite le monde<\/em>, Exposition personnelle, Galerie Place \u00e0 l&rsquo;Art, Voiron (France)<\/a><\/p>\n\n\n\n<h2 class=\"wp-block-heading\">2022<\/h2>\n\n\n\n<p><a href=\"https:\/\/theyeiser.org\/2022-fantastic-fibers\/\">Avril-Juin 2022 &#8211; Exposition collective <em>Fantastic Fiber<\/em> 2022 au Yeiser Art Center, Paducah, Kentucky, USA<\/a><\/p>\n\n\n\n<p><a href=\"https:\/\/www.ville-montrouge.fr\/cms_viewFile.php?idtf=7067&amp;path=Communique-de-presse-Miniartextil-2022.pdf\">F\u00e9vrier-Mars 2022 &#8211; Exposition collective <em>Miniartextil <\/em>au Beffroi, Montrouge (92)<\/a><\/p>\n\n\n\n<p><a href=\"https:\/\/www.youtube.com\/watch?v=pVDJhyQdvxk\">L&rsquo;exposition en vid\u00e9o<\/a><\/p>\n\n\n\n<h2 class=\"wp-block-heading\">2021<\/h2>\n\n\n\n<p><a href=\"http:\/\/levog-fontaine.eu\/emilie-chaumet\/\">Exposition personnell<\/a><a href=\"https:\/\/ville-fontaine.fr\/evenements\/exposition-8\/\">e au VOG, Centre d\u2019art \u00e0 Fontaine (38) <\/a><\/p>\n\n\n\n<p><a href=\"http:\/\/cie-scalene.com\/ouverture-exceptionnelle-2021\/\">Festival \u00ab\u00a0Ouverture Exceptionnelle\u00a0\u00bb, en partenariat avec la Cie Scal\u00e8ne<\/a> <\/p>\n\n\n\n<p> <a href=\"https:\/\/www.miniartextil.it\/en\/exhibition\/miniartextil-numero-30\">Exposition collective <em>Miniartextil<\/em>, C\u00f4me, Italie<\/a><\/p>\n\n\n\n<p><a href=\"http:\/\/www.biennaledecachan.fr\/\">Exposition collective <em>Respirer <\/em>\u00e0 la Biennale d\u2019Art Contemporain, Cachan (94)<\/a><\/p>\n\n\n\n<h2 class=\"wp-block-heading\">2020<\/h2>\n\n\n\n<p><a href=\"http:\/\/galerie-art-losange.com\/2020\/09\/10\/emilie-chaumet\/\">Exposition personnelle <em>Dans un battement tout bouge<\/em>, Galerie <em>Le Losange<\/em>, Grenoble (38)<\/a><\/p>\n\n\n\n<h2 class=\"wp-block-heading\">2019<\/h2>\n\n\n\n<p>Exposition collective <em>Les Inopin\u00e9s<\/em>, Galerie <em>Le<\/em> <em>Talent c\u2019 est L\u2019 envie<\/em>, Grenoble (38)<\/p>\n\n\n\n<h2 class=\"wp-block-heading\">2018<\/h2>\n\n\n\n<p>Exposition collective \u00e0 <em>l\u2019 Atelier des Arts<\/em>, Grenoble (38)<\/p>\n\n\n\n<h2 class=\"wp-block-heading\">2007<\/h2>\n\n\n\n<p>Exposition collective <em>All Over <\/em>aux Beaux-Arts de Tours (37) <\/p>\n\n\n\n<p>Exposition collective <em>au Ch\u00e2teau de Tours <\/em>(37)<\/p>\n\n\n\n<h2 class=\"wp-block-heading\">2006<\/h2>\n\n\n\n<p>Exposition collective \u00e0 <em>l\u2019Alliance Fran\u00e7aise <\/em>de New Dehli, Inde <\/p>\n\n\n\n<h2 class=\"wp-block-heading\">2005<\/h2>\n\n\n\n<p>Exposition collective <em>Jours de Loire<\/em>, Tours (37)<\/p>\n","protected":false},"excerpt":{"rendered":"<p>2025 16 Avril, Exposition des travaux des \u00e9l\u00e8ves 5\u00e8me, 4\u00e8me, 3\u00e8me, SEGPA, Coll\u00e8ge Edouard Vaillant, L&rsquo;heure Bleue, en partenariat avec le Conservatoire Erik Satie, Saint Martin d&rsquo;H\u00e8res et le Conservatoire de Grenoble 07 Avril, Quizaine artistique, Exposition des travaux des \u00e9l\u00e8ves 5\u00e8me, 4\u00e8me, 3\u00e8me, SEGPA, Coll\u00e8ge Edouard Vaillant, Conservatoire Erik Satie, Saint Martin d&rsquo;H\u00e8res 2024 &hellip; <\/p>\n<p class=\"link-more\"><a href=\"https:\/\/emiliechaumet-textile.fr\/?page_id=92\" class=\"more-link\">Continuer la lecture<span class=\"screen-reader-text\"> de &laquo;&nbsp;Expositions pass\u00e9es&nbsp;&raquo;<\/span><\/a><\/p>\n","protected":false},"author":1,"featured_media":0,"parent":0,"menu_order":0,"comment_status":"closed","ping_status":"closed","template":"","meta":{"footnotes":""},"_links":{"self":[{"href":"https:\/\/emiliechaumet-textile.fr\/index.php?rest_route=\/wp\/v2\/pages\/92"}],"collection":[{"href":"https:\/\/emiliechaumet-textile.fr\/index.php?rest_route=\/wp\/v2\/pages"}],"about":[{"href":"https:\/\/emiliechaumet-textile.fr\/index.php?rest_route=\/wp\/v2\/types\/page"}],"author":[{"embeddable":true,"href":"https:\/\/emiliechaumet-textile.fr\/index.php?rest_route=\/wp\/v2\/users\/1"}],"replies":[{"embeddable":true,"href":"https:\/\/emiliechaumet-textile.fr\/index.php?rest_route=%2Fwp%2Fv2%2Fcomments&post=92"}],"version-history":[{"count":21,"href":"https:\/\/emiliechaumet-textile.fr\/index.php?rest_route=\/wp\/v2\/pages\/92\/revisions"}],"predecessor-version":[{"id":774,"href":"https:\/\/emiliechaumet-textile.fr\/index.php?rest_route=\/wp\/v2\/pages\/92\/revisions\/774"}],"wp:attachment":[{"href":"https:\/\/emiliechaumet-textile.fr\/index.php?rest_route=%2Fwp%2Fv2%2Fmedia&parent=92"}],"curies":[{"name":"wp","href":"https:\/\/api.w.org\/{rel}","templated":true}]}}